{"id":2780,"date":"2015-07-07T18:41:56","date_gmt":"2015-07-07T18:41:56","guid":{"rendered":"https:\/\/www.healthy3.ch\/rubrik1\/"},"modified":"2026-03-31T14:36:20","modified_gmt":"2026-03-31T14:36:20","slug":"rubrik1","status":"publish","type":"page","link":"https:\/\/www.healthy3.ch\/fr\/","title":{"rendered":"Home"},"content":{"rendered":"<div class=\"slider-wrapper relative .slider-home\" id=\"slider-770049086\" >\n    <div class=\"slider slider-nav-circle slider-nav-large slider-nav-light slider-style-normal\"\n        data-flickity-options='{\n            \"cellAlign\": \"center\",\n            \"imagesLoaded\": true,\n            \"lazyLoad\": 1,\n            \"freeScroll\": false,\n            \"wrapAround\": true,\n            \"autoPlay\": false,\n            \"pauseAutoPlayOnHover\" : true,\n            \"prevNextButtons\": false,\n            \"contain\" : true,\n            \"adaptiveHeight\" : true,\n            \"dragThreshold\" : 10,\n            \"percentPosition\": true,\n            \"pageDots\": false,\n            \"rightToLeft\": false,\n            \"draggable\": true,\n            \"selectedAttraction\": 0.1,\n            \"parallax\" : 0,\n            \"friction\": 0.6        }'\n        >\n        \n\n  <div class=\"banner has-hover\" id=\"banner-519595630\">\n          <div class=\"banner-inner fill\">\n        <div class=\"banner-bg fill\" >\n            <img loading=\"lazy\" decoding=\"async\" width=\"1200\" height=\"800\" src=\"https:\/\/www.healthy3.ch\/wp-content\/uploads\/2025\/04\/amber-ford-doCiHVzQha4-unsplash.png\" class=\"bg attachment-1536x1536 size-1536x1536\" alt=\"\" \/>                        <div class=\"overlay\"><\/div>            \n                    <\/div>\n\t\t\n        <div class=\"banner-layers container\">\n            <div class=\"fill banner-link\"><\/div>            \n   <div id=\"text-box-758416236\" class=\"text-box banner-layer x50 md-x50 lg-x50 y50 md-y50 lg-y50 res-text\">\n                                <div class=\"text-box-content text \">\n              \n              <div class=\"text-inner text-left\">\n                  \n<h2 style=\"text-align: left;\"><span data-text-color=\"primary\" data-text-bg=\"secondary\"><span class=\"s1\" data-line-height=\"xl\">healthy3 est une initiative pour une alimentation durable et un mode de vie sain.<\/span><\/span><\/h2>\n              <\/div>\n           <\/div>\n                            \n<style>\n#text-box-758416236 {\n  width: 74%;\n}\n#text-box-758416236 .text-box-content {\n  font-size: 100%;\n}\n<\/style>\n    <\/div>\n \n        <\/div>\n      <\/div>\n\n            \n<style>\n#banner-519595630 {\n  padding-top: 600px;\n}\n#banner-519595630 .overlay {\n  background-color: rgba(0, 0, 0, 0.17);\n}\n<\/style>\n  <\/div>\n\n\n     <\/div>\n\n     <div class=\"loading-spin dark large centered\"><\/div>\n\n\t<\/div>\n\n\n\n\t<section class=\"section\" id=\"section_390506183\">\n\t\t<div class=\"section-bg fill\" >\n\t\t\t\t\t\t\t\t\t\n\t\t\t\n\n\t\t<\/div>\n\n\t\t\n\n\t\t<div class=\"section-content relative\">\n\t\t\t\n<div class=\"row\"  id=\"row-1154283713\">\n\n\t<div id=\"col-1862708288\" class=\"col hide-for-small medium-3 small-6 large-3\"  >\n\t\t\t\t<div class=\"col-inner\"  >\n\t\t\t\n\t\t\t\n\t\t<\/div>\n\t\t\t\t\t<\/div>\n\n\t\n\n\t<div id=\"col-204165093\" class=\"col hide-for-small medium-3 small-6 large-3\"  >\n\t\t\t\t<div class=\"col-inner\"  >\n\t\t\t\n\t\t\t\n\t\t<\/div>\n\t\t\t\t\t<\/div>\n\n\t\n\n\t<div id=\"col-2108786930\" class=\"col medium-3 small-6 large-3\"  >\n\t\t\t\t<div class=\"col-inner\"  >\n\t\t\t\n\t\t\t\n\t\t<\/div>\n\t\t\t\t\t<\/div>\n\n\t\n\n\t<div id=\"col-1224572197\" class=\"col medium-3 small-6 large-3\"  >\n\t\t\t\t<div class=\"col-inner\"  >\n\t\t\t\n\t\t\t\n\t\t<\/div>\n\t\t\t\t\t<\/div>\n\n\t\n<\/div>\n\t\t<\/div>\n\n\t\t\n<style>\n#section_390506183 {\n  padding-top: 0px;\n  padding-bottom: 0px;\n}\n<\/style>\n\t<\/section>\n\t\n\n\t<section class=\"section\" id=\"section_1949132841\">\n\t\t<div class=\"section-bg fill\" >\n\t\t\t\t\t\t\t\t\t\n\t\t\t\n\n\t\t<\/div>\n\n\t\t\n\n\t\t<div class=\"section-content relative\">\n\t\t\t\n<div class=\"row\"  id=\"row-302287155\">\n\n\t<div id=\"col-87992785\" class=\"col small-12 large-12\"  >\n\t\t\t\t<div class=\"col-inner text-center\"  >\n\t\t\t\n\t\t\t\n<h1><span data-text-color=\"primary\">Prestations<\/span><\/h1>\n\t\t<\/div>\n\t\t\t\t\n<style>\n#col-87992785 > .col-inner {\n  margin: 0px 0px -60px 0px;\n}\n<\/style>\n\t<\/div>\n\n\t\n\n<style>\n#row-302287155 > .col > .col-inner {\n  padding: 0px 0px -90px 0px;\n}\n<\/style>\n<\/div>\n<div class=\"row align-equal align-center\"  id=\"row-1150576417\">\n\n\t<div id=\"col-545055945\" class=\"col medium-3 small-12 large-3\"  >\n\t\t\t\t<div class=\"col-inner text-center\"  >\n\t\t\t\n\t\t\t\n\t<div class=\"img has-hover x md-x lg-x y md-y lg-y\" id=\"image_692002052\">\n\t\t<a class=\"\" href=\"https:\/\/www.healthy3.ch\/fr\/prestations\/\" >\t\t\t\t\t\t<div class=\"img-inner dark\" >\n\t\t\t<img loading=\"lazy\" decoding=\"async\" width=\"800\" height=\"720\" src=\"https:\/\/www.healthy3.ch\/wp-content\/uploads\/2020\/05\/Icon_Info_Plattform_healthy3.png\" class=\"attachment-large size-large\" alt=\"\" srcset=\"https:\/\/www.healthy3.ch\/wp-content\/uploads\/2020\/05\/Icon_Info_Plattform_healthy3.png 800w, https:\/\/www.healthy3.ch\/wp-content\/uploads\/2020\/05\/Icon_Info_Plattform_healthy3-300x270.png 300w, https:\/\/www.healthy3.ch\/wp-content\/uploads\/2020\/05\/Icon_Info_Plattform_healthy3-768x691.png 768w\" sizes=\"auto, (max-width: 800px) 100vw, 800px\" \/>\t\t\t\t\t\t\n\t\t\t\t\t<\/div>\n\t\t\t\t\t\t<\/a>\t\t\n<style>\n#image_692002052 {\n  width: 80%;\n}\n<\/style>\n\t<\/div>\n\t\n<h3><span data-text-color=\"primary\">Plate-forme d&rsquo;information<\/span><\/h3>\n<p style=\"text-align: left;\">Sur healthy3, des professionnels des domaines de la formation, de l\u2019alimentation, de la promotion de la sant\u00e9, du d\u00e9veloppement durable et de la gastronomie, ainsi que des entreprises et le secteur public, trouvent des informations et des outils utiles sur la nutrition durable et un mode de vie sain.<\/p>\n\t<div id=\"gap-725865819\" class=\"gap-element clearfix hide-for-small\" style=\"display:block; height:auto;\">\n\t\t\n<style>\n#gap-725865819 {\n  padding-top: 5px;\n}\n<\/style>\n\t<\/div>\n\t\n<a href=\"https:\/\/www.healthy3.ch\/fr\/prestations\/\" class=\"button secondary is-small\" >\n\t\t<span>Vers la liste de th\u00e8mes<\/span>\n\t<\/a>\n\n\t\t<\/div>\n\t\t\t\t\t<\/div>\n\n\t\n\n\t<div id=\"col-775562936\" class=\"col medium-3 small-12 large-3\"  >\n\t\t\t\t<div class=\"col-inner text-center\"  >\n\t\t\t\n\t\t\t\n\t<div class=\"img has-hover x md-x lg-x y md-y lg-y\" id=\"image_340373344\">\n\t\t\t\t\t\t\t\t<div class=\"img-inner dark\" >\n\t\t\t<img loading=\"lazy\" decoding=\"async\" width=\"800\" height=\"720\" src=\"https:\/\/www.healthy3.ch\/wp-content\/uploads\/2020\/05\/Icon_Newsletter-1.png\" class=\"attachment-large size-large\" alt=\"\" srcset=\"https:\/\/www.healthy3.ch\/wp-content\/uploads\/2020\/05\/Icon_Newsletter-1.png 800w, https:\/\/www.healthy3.ch\/wp-content\/uploads\/2020\/05\/Icon_Newsletter-1-300x270.png 300w, https:\/\/www.healthy3.ch\/wp-content\/uploads\/2020\/05\/Icon_Newsletter-1-768x691.png 768w\" sizes=\"auto, (max-width: 800px) 100vw, 800px\" \/>\t\t\t\t\t\t\n\t\t\t\t\t<\/div>\n\t\t\t\t\t\t\t\t\n<style>\n#image_340373344 {\n  width: 80%;\n}\n<\/style>\n\t<\/div>\n\t\n<h3><span data-text-color=\"primary\">Newsletter<\/span><\/h3>\n<p style=\"text-align: left;\">Plongez dans l\u2019univers de l\u2019alimentation durable et laissez-vous convaincre par la diversit\u00e9 des th\u00e8mes: deux fois par ann\u00e9e, nous envoyons une newsletter informative sur des th\u00e8mes qui m\u00e9ritent d\u2019\u00eatre connus, lus et vus. La newsletter n\u2019est disponible qu\u2019en allemand.<\/p>\n\t<div id=\"gap-1274906737\" class=\"gap-element clearfix hide-for-small\" style=\"display:block; height:auto;\">\n\t\t\n<style>\n#gap-1274906737 {\n  padding-top: 30px;\n}\n@media (min-width:550px) {\n  #gap-1274906737 {\n    padding-top: 60px;\n  }\n}\n@media (min-width:850px) {\n  #gap-1274906737 {\n    padding-top: 61px;\n  }\n}\n<\/style>\n\t<\/div>\n\t\n<a href=\"https:\/\/www.healthy3.ch\/newsletter-anmeldung\/\" target=\"_blank\" class=\"button secondary is-small\" rel=\"noopener\" >\n\t\t<span>S\u2019abonner \u00e0 la newsletter (en allemand)<\/span>\n\t<\/a>\n\n\t\t<\/div>\n\t\t\t\t\t<\/div>\n\n\t\n\n\t<div id=\"col-102481114\" class=\"col beratung medium-3 small-12 large-3\"  >\n\t\t\t\t<div class=\"col-inner text-center\"  >\n\t\t\t\n\t\t\t\n\t<div class=\"img has-hover x md-x lg-x y md-y lg-y\" id=\"image_694955670\">\n\t\t<a class=\"\" href=\"https:\/\/www.healthy3.ch\/fr\/contact\/\" >\t\t\t\t\t\t<div class=\"img-inner dark\" >\n\t\t\t<img loading=\"lazy\" decoding=\"async\" width=\"800\" height=\"720\" src=\"https:\/\/www.healthy3.ch\/wp-content\/uploads\/2020\/05\/Icon_Beratung-2.png\" class=\"attachment-large size-large\" alt=\"\" srcset=\"https:\/\/www.healthy3.ch\/wp-content\/uploads\/2020\/05\/Icon_Beratung-2.png 800w, https:\/\/www.healthy3.ch\/wp-content\/uploads\/2020\/05\/Icon_Beratung-2-300x270.png 300w, https:\/\/www.healthy3.ch\/wp-content\/uploads\/2020\/05\/Icon_Beratung-2-768x691.png 768w\" sizes=\"auto, (max-width: 800px) 100vw, 800px\" \/>\t\t\t\t\t\t\n\t\t\t\t\t<\/div>\n\t\t\t\t\t\t<\/a>\t\t\n<style>\n#image_694955670 {\n  width: 80%;\n}\n<\/style>\n\t<\/div>\n\t\n<h3><span data-text-color=\"primary\">Conseil<\/span><\/h3>\n<p style=\"text-align: left;\">Une alimentation durable et un mode de vie sain vous tiennent \u00e0 c\u0153ur? Vous avez d\u00e9j\u00e0 une id\u00e9e ou un projet en cours, mais vous recherchez encore une expertise, un input de sp\u00e9cialiste, ou vous avez des questions concr\u00e8tes sur un sujet?<\/p>\n<div class=\"accordion Mehr-lesen\">\n\t<div id=\"accordion-161312580\" class=\"accordion-item beratung-mehr\">\n\t\t<a id=\"accordion-161312580-label\" class=\"accordion-title plain\" href=\"#accordion-item-mehr\" aria-expanded=\"false\" aria-controls=\"accordion-161312580-content\">\n\t\t\t<button class=\"toggle\" aria-label=\"Basculer\"><i class=\"icon-angle-down\" aria-hidden=\"true\"><\/i><\/button>\n\t\t\t<span>Mehr<\/span>\n\t\t<\/a>\n\t\t<div id=\"accordion-161312580-content\" class=\"accordion-inner\" aria-labelledby=\"accordion-161312580-label\">\n\t\t\t\n<p>Wir beraten Fachpersonen aus den Bereichen Bildung, Ern\u00e4hrung, Gesundheitsf\u00f6rderung, Nachhaltige Entwicklung und Gastronomie sowie Unternehmen und die \u00f6ffentlichen Hand bei Fragen und Anliegen rund um eine nachhaltige Ern\u00e4hrung und einen gesunden Lebensstil.<\/p>\n<p>Unsere Themenschwerpunkte sind: Schnittstellen einer gesunden\u00a0und nachhaltigen Ern\u00e4hrung, <a href=\"https:\/\/www.healthy3.ch\/fr\/prestations\/denrees-alimentaires-dorigine-vegetale\/\">pflanzliche Ern\u00e4hrungsweisen<\/a>,\u00a0Vermeidung von <a href=\"https:\/\/www.healthy3.ch\/fr\/prestations\/food-waste\/\">Food Waste<\/a>, Auswirkung <a href=\"https:\/\/www.healthy3.ch\/fr\/prestations\/denrees-alimentaires-dorigine-animale\/\">tierischer Lebensmittel<\/a>\u00a0auf Umwelt und Gesundheit, F\u00f6rderung eines <a href=\"https:\/\/www.healthy3.ch\/fr\/prestations\/mobilite-active\/\">bewegten\u00a0Alltags<\/a>.<\/p>\n<p>Zudem bieten wir auf Ihre Bedu\u0308rfnisse angepasste Beratungen, Infoveranstaltungen und Referate \u2013 je nach Thema in Zusammenarbeit mit fachlichen Partnern.<\/p>\n\t\t<\/div>\n\t<\/div>\n\t\n<\/div>\n\t<div id=\"gap-1415088399\" class=\"gap-element clearfix hide-for-small\" style=\"display:block; height:auto;\">\n\t\t\n<style>\n#gap-1415088399 {\n  padding-top: 30px;\n}\n@media (min-width:550px) {\n  #gap-1415088399 {\n    padding-top: 80px;\n  }\n}\n@media (min-width:850px) {\n  #gap-1415088399 {\n    padding-top: 81px;\n  }\n}\n<\/style>\n\t<\/div>\n\t\n<a href=\"https:\/\/www.healthy3.ch\/fr\/contact\/\" class=\"button secondary is-small\" >\n\t\t<span>Envoyer une demande<\/span>\n\t<\/a>\n\n\t\t<\/div>\n\t\t\t\t\t<\/div>\n\n\t\n\n\t<div id=\"col-865029319\" class=\"col projektleitung medium-3 small-12 large-3\"  >\n\t\t\t\t<div class=\"col-inner text-center\"  >\n\t\t\t\n\t\t\t\n\t<div class=\"img has-hover x md-x lg-x y md-y lg-y\" id=\"image_1872378796\">\n\t\t<a class=\"\" href=\"https:\/\/www.healthy3.ch\/fr\/contact\/\" >\t\t\t\t\t\t<div class=\"img-inner dark\" style=\"margin:18px 0px 0px 0px;\">\n\t\t\t<img loading=\"lazy\" decoding=\"async\" width=\"800\" height=\"652\" src=\"https:\/\/www.healthy3.ch\/wp-content\/uploads\/2022\/09\/Projektleitung.png\" class=\"attachment-large size-large\" alt=\"\" srcset=\"https:\/\/www.healthy3.ch\/wp-content\/uploads\/2022\/09\/Projektleitung.png 800w, https:\/\/www.healthy3.ch\/wp-content\/uploads\/2022\/09\/Projektleitung-300x245.png 300w, https:\/\/www.healthy3.ch\/wp-content\/uploads\/2022\/09\/Projektleitung-768x626.png 768w, https:\/\/www.healthy3.ch\/wp-content\/uploads\/2022\/09\/Projektleitung-24x20.png 24w, https:\/\/www.healthy3.ch\/wp-content\/uploads\/2022\/09\/Projektleitung-50x41.png 50w, https:\/\/www.healthy3.ch\/wp-content\/uploads\/2022\/09\/Projektleitung-139x113.png 139w\" sizes=\"auto, (max-width: 800px) 100vw, 800px\" \/>\t\t\t\t\t\t\n\t\t\t\t\t<\/div>\n\t\t\t\t\t\t<\/a>\t\t\n<style>\n#image_1872378796 {\n  width: 80%;\n}\n<\/style>\n\t<\/div>\n\t\n<h3><span data-text-color=\"primary\">Direction du projet<br \/>\n<\/span><\/h3>\n<p style=\"text-align: left;\">Nous assumons la direction et la coordination de projets et d\u2019initiatives dans le domaine de l\u2019alimentation durable et de la sant\u00e9.<\/p>\n\t<div id=\"gap-2145211446\" class=\"gap-element clearfix hide-for-small\" style=\"display:block; height:auto;\">\n\t\t\n<style>\n#gap-2145211446 {\n  padding-top: 30px;\n}\n@media (min-width:550px) {\n  #gap-2145211446 {\n    padding-top: 80px;\n  }\n}\n@media (min-width:850px) {\n  #gap-2145211446 {\n    padding-top: 200px;\n  }\n}\n<\/style>\n\t<\/div>\n\t\n<a href=\"https:\/\/www.healthy3.ch\/fr\/projets\/\" class=\"button secondary is-small\" >\n\t\t<span>Parties prenantes<\/span>\n\t<\/a>\n\n\t\t<\/div>\n\t\t\t\t\t<\/div>\n\n\t\n<\/div>\n\t\t<\/div>\n\n\t\t\n<style>\n#section_1949132841 {\n  padding-top: 80px;\n  padding-bottom: 80px;\n}\n<\/style>\n\t<\/section>\n\t\n\n\t<section class=\"section ueber-healthy dark\" id=\"section_1155531531\">\n\t\t<div class=\"section-bg fill\" >\n\t\t\t<img loading=\"lazy\" decoding=\"async\" width=\"2482\" height=\"974\" src=\"https:\/\/www.healthy3.ch\/wp-content\/uploads\/2020\/05\/illustration_healthy3_about_section-5.png\" class=\"bg attachment-original size-original\" alt=\"\" \/>\t\t\t\t\t\t\n\t\t\t\n\n\t\t<\/div>\n\n\t\t\n\n\t\t<div class=\"section-content relative\">\n\t\t\t\n<div class=\"row align-middle align-center\"  id=\"row-37592190\">\n\n\t<div id=\"col-283579468\" class=\"col medium-8 small-12 large-8\"  >\n\t\t\t\t<div class=\"col-inner text-center\"  >\n\t\t\t\n\t\t\t\n\t<div id=\"gap-1081808916\" class=\"gap-element clearfix hide-for-small\" style=\"display:block; height:auto;\">\n\t\t\n<style>\n#gap-1081808916 {\n  padding-top: 80px;\n}\n<\/style>\n\t<\/div>\n\t\n<h1 style=\"text-align: center;\">\u00c0 propos de healthy3<\/h1>\n<p style=\"text-align: center;\">healthy3 offre des informations et des conseils personnalis\u00e9s dans le but de favoriser la sensibilisation \u00e0 un comportement alimentaire ainsi qu\u2019\u00e0 une activit\u00e9 physique durables et sains au quotidien.<\/p>\n\t<div id=\"gap-15194560\" class=\"gap-element clearfix\" style=\"display:block; height:auto;\">\n\t\t\n<style>\n#gap-15194560 {\n  padding-top: 30px;\n}\n<\/style>\n\t<\/div>\n\t\n<a href=\"https:\/\/www.healthy3.ch\/fr\/a-propos-de-healthy3\/\" class=\"button white is-outline lowercase\" >\n\t\t<span>En savoir plus<\/span>\n\t<\/a>\n\n\t<div id=\"gap-1406266703\" class=\"gap-element clearfix hide-for-small\" style=\"display:block; height:auto;\">\n\t\t\n<style>\n#gap-1406266703 {\n  padding-top: 60px;\n}\n<\/style>\n\t<\/div>\n\t\n\t\t<\/div>\n\t\t\t\t\t<\/div>\n\n\t\n<\/div>\n\t\t<\/div>\n\n\t\t\n<style>\n#section_1155531531 {\n  padding-top: 80px;\n  padding-bottom: 80px;\n  background-color: rgb(76, 165, 93);\n}\n#section_1155531531 .section-bg img {\n  object-position: 54% 62%;\n}\n@media (min-width:550px) {\n  #section_1155531531 {\n    padding-top: 100px;\n    padding-bottom: 100px;\n  }\n}\n<\/style>\n\t<\/section>\n\t\n\n\t<section class=\"section fokus\" id=\"section_727406100\">\n\t\t<div class=\"section-bg fill\" >\n\t\t\t\t\t\t\t\t\t\n\t\t\t\n\n\t\t<\/div>\n\n\t\t\n\n\t\t<div class=\"section-content relative\">\n\t\t\t\n<div class=\"row align-center\"  id=\"row-1014703508\">\n\n\t<div id=\"col-932652777\" class=\"col medium-8 small-12 large-8\"  >\n\t\t\t\t<div class=\"col-inner text-center\"  >\n\t\t\t\n\t\t\t\n<h1 class=\"lead\"><span data-text-color=\"primary\">Au point<br \/>\n<\/span><\/h1>\n<p>Pour vous, nous restons \u00e0 la page: nous vous informons ici sur de nouvelles connaissances, des projets actuels et des \u00e9v\u00e9nements.<\/p>\n\t\t<\/div>\n\t\t\t\t\t<\/div>\n\n\t\n<\/div>\n<div class=\"row\"  id=\"row-593728579\">\n\n\t<div id=\"col-124201182\" class=\"col small-12 large-12\"  >\n\t\t\t\t<div class=\"col-inner text-left\"  >\n\t\t\t\n\t\t\t\n\n  \n    <div class=\"row large-columns-2 medium-columns- small-columns-1 slider row-slider slider-nav-simple slider-nav-push\"  data-flickity-options='{&quot;imagesLoaded&quot;: true, &quot;groupCells&quot;: &quot;100%&quot;, &quot;dragThreshold&quot; : 5, &quot;cellAlign&quot;: &quot;left&quot;,&quot;wrapAround&quot;: true,&quot;prevNextButtons&quot;: true,&quot;percentPosition&quot;: true,&quot;pageDots&quot;: false, &quot;rightToLeft&quot;: false, &quot;autoPlay&quot; : false}' >\n\n  <div class=\"col post-item\" data-animate=\"fadeInUp\">\n\t\t\t<div class=\"col-inner\">\n\t\t\t\t<div class=\"box box-normal box-text-bottom box-blog-post has-hover\">\n            \t\t\t\t\t<div class=\"box-image\" >\n  \t\t\t\t\t\t<div class=\"image-cover\" style=\"padding-top:56%;\">\n\t\t\t\t\t\t\t<a href=\"https:\/\/www.healthy3.ch\/fr\/bilan-ecologique-des-aliments\/\" class=\"plain\" aria-label=\"Bilan \u00e9cologique des aliments\">\n\t\t\t\t\t\t\t\t<img loading=\"lazy\" decoding=\"async\" width=\"894\" height=\"1024\" src=\"https:\/\/www.healthy3.ch\/wp-content\/uploads\/2026\/03\/Pyramide_Oekobilanz_F26-894x1024.jpg\" class=\"attachment-large size-large wp-post-image\" alt=\"\" srcset=\"https:\/\/www.healthy3.ch\/wp-content\/uploads\/2026\/03\/Pyramide_Oekobilanz_F26-894x1024.jpg 894w, https:\/\/www.healthy3.ch\/wp-content\/uploads\/2026\/03\/Pyramide_Oekobilanz_F26-262x300.jpg 262w, https:\/\/www.healthy3.ch\/wp-content\/uploads\/2026\/03\/Pyramide_Oekobilanz_F26-768x879.jpg 768w, https:\/\/www.healthy3.ch\/wp-content\/uploads\/2026\/03\/Pyramide_Oekobilanz_F26-1342x1536.jpg 1342w, https:\/\/www.healthy3.ch\/wp-content\/uploads\/2026\/03\/Pyramide_Oekobilanz_F26-1789x2048.jpg 1789w, https:\/\/www.healthy3.ch\/wp-content\/uploads\/2026\/03\/Pyramide_Oekobilanz_F26-21x24.jpg 21w, https:\/\/www.healthy3.ch\/wp-content\/uploads\/2026\/03\/Pyramide_Oekobilanz_F26-44x50.jpg 44w, https:\/\/www.healthy3.ch\/wp-content\/uploads\/2026\/03\/Pyramide_Oekobilanz_F26-121x139.jpg 121w\" sizes=\"auto, (max-width: 894px) 100vw, 894px\" \/>\t\t\t\t\t\t\t<\/a>\n  \t\t\t\t\t\t\t  \t\t\t\t\t\t\t  \t\t\t\t\t\t<\/div>\n  \t\t\t\t\t\t  \t\t\t\t\t<\/div>\n          \t\t\t\t\t<div class=\"box-text text-left\" >\n\t\t\t\t\t<div class=\"box-text-inner blog-post-inner\">\n\n\t\t\t\t\t\n\t\t\t\t\t\t\t\t\t\t<h5 class=\"post-title is-xlarge \">\n\t\t\t\t\t\t<a href=\"https:\/\/www.healthy3.ch\/fr\/bilan-ecologique-des-aliments\/\" class=\"plain\">Bilan \u00e9cologique des aliments<\/a>\n\t\t\t\t\t<\/h5>\n\t\t\t\t\t<div class=\"post-meta is-small op-8\">19. mars 2026<\/div>\t\t\t\t\t<div class=\"is-divider\"><\/div>\n\t\t\t\t\t\t\t\t\t\t<p class=\"from_the_blog_excerpt \">\n\t\t\t\t\t\tLe nouveau graphique illustre l\u2019impact environnemental de diff\u00e9rents aliments, caus\u00e9 par leur production, leur transformation et leur distribution. Les impacts environnementaux (consommation de ressources, \u00e9missions, d\u00e9chets) sont...\t\t\t\t\t<\/p>\n\t\t\t\t\t                    \n\t\t\t\t\t\t\t\t\t\t\t<a href=\"https:\/\/www.healthy3.ch\/fr\/bilan-ecologique-des-aliments\/\" class=\"button secondary is-link is-large mb-0\">\n\t\t\t\t\t\t\tMehr lesen\t\t\t\t\t\t<\/a>\n\t\t\t\t\t\n\t\t\t\t\t\n\t\t\t\t\t<\/div>\n\t\t\t\t\t<\/div>\n\t\t\t\t\t\t\t\t\t<\/div>\n\t\t\t<\/div>\n\t\t<\/div><div class=\"col post-item\" data-animate=\"fadeInUp\">\n\t\t\t<div class=\"col-inner\">\n\t\t\t\t<div class=\"box box-normal box-text-bottom box-blog-post has-hover\">\n            \t\t\t\t\t<div class=\"box-image\" >\n  \t\t\t\t\t\t<div class=\"image-cover\" style=\"padding-top:56%;\">\n\t\t\t\t\t\t\t<a href=\"https:\/\/www.healthy3.ch\/fr\/lassiette-equilibree\/\" class=\"plain\" aria-label=\"L\u2019assiette \u00e9quilibr\u00e9e\">\n\t\t\t\t\t\t\t\t<img loading=\"lazy\" decoding=\"async\" width=\"1020\" height=\"656\" src=\"https:\/\/www.healthy3.ch\/wp-content\/uploads\/2025\/12\/Ausgewogener-Teller-e1764665885889-1024x659.png\" class=\"attachment-large size-large wp-post-image\" alt=\"\" srcset=\"https:\/\/www.healthy3.ch\/wp-content\/uploads\/2025\/12\/Ausgewogener-Teller-e1764665885889-1024x659.png 1024w, https:\/\/www.healthy3.ch\/wp-content\/uploads\/2025\/12\/Ausgewogener-Teller-e1764665885889-300x193.png 300w, https:\/\/www.healthy3.ch\/wp-content\/uploads\/2025\/12\/Ausgewogener-Teller-e1764665885889-768x494.png 768w, https:\/\/www.healthy3.ch\/wp-content\/uploads\/2025\/12\/Ausgewogener-Teller-e1764665885889-24x15.png 24w, https:\/\/www.healthy3.ch\/wp-content\/uploads\/2025\/12\/Ausgewogener-Teller-e1764665885889-50x32.png 50w, https:\/\/www.healthy3.ch\/wp-content\/uploads\/2025\/12\/Ausgewogener-Teller-e1764665885889-139x89.png 139w, https:\/\/www.healthy3.ch\/wp-content\/uploads\/2025\/12\/Ausgewogener-Teller-e1764665885889.png 1110w\" sizes=\"auto, (max-width: 1020px) 100vw, 1020px\" \/>\t\t\t\t\t\t\t<\/a>\n  \t\t\t\t\t\t\t  \t\t\t\t\t\t\t  \t\t\t\t\t\t<\/div>\n  \t\t\t\t\t\t  \t\t\t\t\t<\/div>\n          \t\t\t\t\t<div class=\"box-text text-left\" >\n\t\t\t\t\t<div class=\"box-text-inner blog-post-inner\">\n\n\t\t\t\t\t\n\t\t\t\t\t\t\t\t\t\t<h5 class=\"post-title is-xlarge \">\n\t\t\t\t\t\t<a href=\"https:\/\/www.healthy3.ch\/fr\/lassiette-equilibree\/\" class=\"plain\">L\u2019assiette \u00e9quilibr\u00e9e<\/a>\n\t\t\t\t\t<\/h5>\n\t\t\t\t\t<div class=\"post-meta is-small op-8\">15. octobre 2025<\/div>\t\t\t\t\t<div class=\"is-divider\"><\/div>\n\t\t\t\t\t\t\t\t\t\t<p class=\"from_the_blog_excerpt \">\n\t\t\t\t\t\tEn octobre l\u2019Office f\u00e9d\u00e9ral de la s\u00e9curit\u00e9 alimentaire et des affaires v\u00e9t\u00e9rinaires (OSAV), la Soci\u00e9t\u00e9 Suisse de Nutrition SSN et Promotion Sant\u00e9 Suisse ont lanc\u00e9 la nouvelle...\t\t\t\t\t<\/p>\n\t\t\t\t\t                    \n\t\t\t\t\t\t\t\t\t\t\t<a href=\"https:\/\/www.healthy3.ch\/fr\/lassiette-equilibree\/\" class=\"button secondary is-link is-large mb-0\">\n\t\t\t\t\t\t\tMehr lesen\t\t\t\t\t\t<\/a>\n\t\t\t\t\t\n\t\t\t\t\t\n\t\t\t\t\t<\/div>\n\t\t\t\t\t<\/div>\n\t\t\t\t\t\t\t\t\t<\/div>\n\t\t\t<\/div>\n\t\t<\/div><\/div>\n\t\t<\/div>\n\t\t\t\t\t<\/div>\n\n\t\n\n<style>\n#row-593728579 > .col > .col-inner {\n  padding: 0px 0px 0px 0px;\n}\n<\/style>\n<\/div>\n\t\t<\/div>\n\n\t\t\n<style>\n#section_727406100 {\n  padding-top: 80px;\n  padding-bottom: 80px;\n}\n<\/style>\n\t<\/section>\n\t\n","protected":false},"excerpt":{"rendered":"","protected":false},"author":1,"featured_media":7029,"parent":0,"menu_order":0,"comment_status":"closed","ping_status":"open","template":"page-transparent-header-light.php","meta":{"footnotes":""},"class_list":["post-2780","page","type-page","status-publish","has-post-thumbnail","hentry"],"_links":{"self":[{"href":"https:\/\/www.healthy3.ch\/fr\/wp-json\/wp\/v2\/pages\/2780","targetHints":{"allow":["GET"]}}],"collection":[{"href":"https:\/\/www.healthy3.ch\/fr\/wp-json\/wp\/v2\/pages"}],"about":[{"href":"https:\/\/www.healthy3.ch\/fr\/wp-json\/wp\/v2\/types\/page"}],"author":[{"embeddable":true,"href":"https:\/\/www.healthy3.ch\/fr\/wp-json\/wp\/v2\/users\/1"}],"replies":[{"embeddable":true,"href":"https:\/\/www.healthy3.ch\/fr\/wp-json\/wp\/v2\/comments?post=2780"}],"version-history":[{"count":123,"href":"https:\/\/www.healthy3.ch\/fr\/wp-json\/wp\/v2\/pages\/2780\/revisions"}],"predecessor-version":[{"id":8534,"href":"https:\/\/www.healthy3.ch\/fr\/wp-json\/wp\/v2\/pages\/2780\/revisions\/8534"}],"wp:featuredmedia":[{"embeddable":true,"href":"https:\/\/www.healthy3.ch\/fr\/wp-json\/wp\/v2\/media\/7029"}],"wp:attachment":[{"href":"https:\/\/www.healthy3.ch\/fr\/wp-json\/wp\/v2\/media?parent=2780"}],"curies":[{"name":"wp","href":"https:\/\/api.w.org\/{rel}","templated":true}]}}