{"id":2787,"date":"2015-07-23T09:26:59","date_gmt":"2015-07-23T09:26:59","guid":{"rendered":"https:\/\/www.healthy3.ch\/ueber-healthy3\/"},"modified":"2026-02-19T13:11:29","modified_gmt":"2026-02-19T13:11:29","slug":"a-propos-de-healthy3","status":"publish","type":"page","link":"https:\/\/www.healthy3.ch\/fr\/a-propos-de-healthy3\/","title":{"rendered":"A propos de nous"},"content":{"rendered":"\n\t<section class=\"section\" id=\"section_64489399\">\n\t\t<div class=\"section-bg fill\" >\n\t\t\t\t\t\t\t\t\t\n\t\t\t\n\n\t\t<\/div>\n\n\t\t\n\n\t\t<div class=\"section-content relative\">\n\t\t\t\n<div class=\"row\"  id=\"row-1227990932\">\n\n\t<div id=\"col-1427834211\" class=\"col small-12 large-12\"  >\n\t\t\t\t<div class=\"col-inner\"  >\n\t\t\t\n\t\t\t\n<h1>A propos de healthy3<\/h1>\n\t\t<\/div>\n\t\t\t\t\n<style>\n#col-1427834211 > .col-inner {\n  margin: 0px 0px -30px 0px;\n}\n<\/style>\n\t<\/div>\n\n\t\n\n<style>\n#row-1227990932 > .col > .col-inner {\n  padding: 60px 0px 0px 0px;\n}\n<\/style>\n<\/div>\n<div class=\"row\"  id=\"row-2049319523\">\n\n\t<div id=\"col-47938447\" class=\"col small-12 large-12\"  >\n\t\t\t\t<div class=\"col-inner\"  >\n\t\t\t\n\t\t\t\n<p>healthy3, c\u2019est une initiative de 2010 de <a href=\"https:\/\/promotionsante.ch\/\" target=\"_blank\" rel=\"noopener noreferrer\">Promotion Sant\u00e9 Suisse<\/a> pour \u00abdes personnes en bonne sant\u00e9, dans des soci\u00e9t\u00e9s saines, sur une plan\u00e8te en bonne sant\u00e9\u00bb. Avec le soutien de Promotion Sant\u00e9 Suisse, Sophie Frei, nutritionniste et directrice de <span style=\"color: #ff2600;\"><a href=\"http:\/\/www.frei-stil.ch\/\" target=\"_blank\" rel=\"noopener noreferrer\">freistil<\/a><\/span>, met en pratique l&rsquo;initiative depuis 2015 et a d\u00e9velopp\u00e9 la plateforme d&rsquo;information et le centre de comp\u00e9tences healthy3.<\/p>\n<p>Ce que nous mangeons et comment nous bougeons dans la vie quotidienne, ont des effets sur notre sant\u00e9 et sur notre bien-\u00eatre, aussi bien que sur l\u2019environnement, la soci\u00e9t\u00e9 et l\u2019\u00e9conomie \u2013 maintenant et \u00e0 l\u2019avenir, localement et globalement. healthy3 met en \u00e9vidence les corr\u00e9lations entre des comportements quotidiens en mati\u00e8re d\u2019alimentation et d\u2019activit\u00e9 physique b\u00e9n\u00e9fiques pour la sant\u00e9 et durables, donne des pistes de r\u00e9flexion et encourage la mise en pratique de la th\u00e9matique.<\/p>\n\t\t<\/div>\n\t\t\t\t\t<\/div>\n\n\t\n\n\t<div id=\"col-1566543655\" class=\"col medium-6 small-12 large-6\"  >\n\t\t\t\t<div class=\"col-inner\"  >\n\t\t\t\n\t\t\t\n<h2>healthy3&#8230;<\/h2>\n<p>&#8230;est un centre de comp\u00e9tence pour une alimentation durable et un mode de vie sain.<\/p>\n<p>&#8230; propose une offre attractive d\u2019information et de conseil autour des th\u00e8mes actuels.<\/p>\n<p>&#8230; enrichit des projets existants de promotion de la sant\u00e9 avec de nouveaux inputs<\/p>\n<p>&#8230; incite la mise en \u0153uvre pratique de la th\u00e9matique avec la jeune g\u00e9n\u00e9ration<\/p>\n<p>&#8230; est une offre de <a href=\"http:\/\/www.frei-stil.ch\" target=\"_blank\" rel=\"noopener noreferrer\">freistil<\/a> avec le soutien de <a href=\"http:\/\/www.promotionsante.ch\" target=\"_blank\" rel=\"noopener noreferrer\">Promotion Sant\u00e9 Suisse<\/a>.<\/p>\n\t\t<\/div>\n\t\t\t\t\t<\/div>\n\n\t\n\n\t<div id=\"col-1569479796\" class=\"col medium-6 small-12 large-6\"  >\n\t\t\t\t<div class=\"col-inner\"  >\n\t\t\t\n\t\t\t\n\t<div class=\"img has-hover x md-x lg-x y md-y lg-y\" id=\"image_52353187\">\n\t\t\t\t\t\t\t\t<div class=\"img-inner dark\" style=\"margin:15px 0px 0px 0px;\">\n\t\t\t<img loading=\"lazy\" decoding=\"async\" width=\"1020\" height=\"557\" src=\"https:\/\/www.healthy3.ch\/wp-content\/uploads\/2020\/06\/Logo_healthy3_subline_F-1024x559.png\" class=\"attachment-large size-large\" alt=\"\" srcset=\"https:\/\/www.healthy3.ch\/wp-content\/uploads\/2020\/06\/Logo_healthy3_subline_F-1024x559.png 1024w, https:\/\/www.healthy3.ch\/wp-content\/uploads\/2020\/06\/Logo_healthy3_subline_F-300x164.png 300w, https:\/\/www.healthy3.ch\/wp-content\/uploads\/2020\/06\/Logo_healthy3_subline_F-768x419.png 768w, https:\/\/www.healthy3.ch\/wp-content\/uploads\/2020\/06\/Logo_healthy3_subline_F-1536x838.png 1536w, https:\/\/www.healthy3.ch\/wp-content\/uploads\/2020\/06\/Logo_healthy3_subline_F-2048x1117.png 2048w, https:\/\/www.healthy3.ch\/wp-content\/uploads\/2020\/06\/Logo_healthy3_subline_F-24x13.png 24w, https:\/\/www.healthy3.ch\/wp-content\/uploads\/2020\/06\/Logo_healthy3_subline_F-50x27.png 50w, https:\/\/www.healthy3.ch\/wp-content\/uploads\/2020\/06\/Logo_healthy3_subline_F-139x76.png 139w\" sizes=\"auto, (max-width: 1020px) 100vw, 1020px\" \/>\t\t\t\t\t\t\n\t\t\t\t\t<\/div>\n\t\t\t\t\t\t\t\t\n<style>\n#image_52353187 {\n  width: 100%;\n}\n<\/style>\n\t<\/div>\n\t\n\t\t<\/div>\n\t\t\t\t\t<\/div>\n\n\t\n<\/div>\n\t\t<\/div>\n\n\t\t\n<style>\n#section_64489399 {\n  padding-top: 30px;\n  padding-bottom: 30px;\n}\n<\/style>\n\t<\/section>\n\t\n","protected":false},"excerpt":{"rendered":"","protected":false},"author":1,"featured_media":92,"parent":0,"menu_order":0,"comment_status":"closed","ping_status":"open","template":"","meta":{"footnotes":""},"class_list":["post-2787","page","type-page","status-publish","has-post-thumbnail","hentry"],"_links":{"self":[{"href":"https:\/\/www.healthy3.ch\/fr\/wp-json\/wp\/v2\/pages\/2787","targetHints":{"allow":["GET"]}}],"collection":[{"href":"https:\/\/www.healthy3.ch\/fr\/wp-json\/wp\/v2\/pages"}],"about":[{"href":"https:\/\/www.healthy3.ch\/fr\/wp-json\/wp\/v2\/types\/page"}],"author":[{"embeddable":true,"href":"https:\/\/www.healthy3.ch\/fr\/wp-json\/wp\/v2\/users\/1"}],"replies":[{"embeddable":true,"href":"https:\/\/www.healthy3.ch\/fr\/wp-json\/wp\/v2\/comments?post=2787"}],"version-history":[{"count":36,"href":"https:\/\/www.healthy3.ch\/fr\/wp-json\/wp\/v2\/pages\/2787\/revisions"}],"predecessor-version":[{"id":8402,"href":"https:\/\/www.healthy3.ch\/fr\/wp-json\/wp\/v2\/pages\/2787\/revisions\/8402"}],"wp:featuredmedia":[{"embeddable":true,"href":"https:\/\/www.healthy3.ch\/fr\/wp-json\/wp\/v2\/media\/92"}],"wp:attachment":[{"href":"https:\/\/www.healthy3.ch\/fr\/wp-json\/wp\/v2\/media?parent=2787"}],"curies":[{"name":"wp","href":"https:\/\/api.w.org\/{rel}","templated":true}]}}