{"id":4162,"date":"2020-05-21T09:03:35","date_gmt":"2020-05-21T09:03:35","guid":{"rendered":"https:\/\/www.healthy3.ch\/?page_id=4162"},"modified":"2025-05-12T13:12:00","modified_gmt":"2025-05-12T13:12:00","slug":"food-waste","status":"publish","type":"page","link":"https:\/\/www.healthy3.ch\/fr\/prestations\/food-waste\/","title":{"rendered":"Food Waste"},"content":{"rendered":"\n\t<section class=\"section\" id=\"section_115223972\">\n\t\t<div class=\"section-bg fill\" >\n\t\t\t\t\t\t\t\t\t\n\t\t\t\n\n\t\t<\/div>\n\n\t\t\n\n\t\t<div class=\"section-content relative\">\n\t\t\t\n<div class=\"row\"  id=\"row-507395989\">\n\n\t<div id=\"col-269700382\" class=\"col medium-4 small-12 large-4\"  >\n\t\t\t\t<div class=\"col-inner\"  >\n\t\t\t\n\t\t\t\n\t<div class=\"img has-hover icon-back x md-x lg-x y md-y lg-y\" id=\"image_645850470\">\n\t\t<a class=\"\" href=\"\/prestations\/\" >\t\t\t\t\t\t<div class=\"img-inner dark\" >\n\t\t\t<img loading=\"lazy\" decoding=\"async\" width=\"100\" height=\"100\" src=\"https:\/\/www.healthy3.ch\/wp-content\/uploads\/2020\/05\/zurueck_klein.png\" class=\"attachment-original size-original\" alt=\"\" srcset=\"https:\/\/www.healthy3.ch\/wp-content\/uploads\/2020\/05\/zurueck_klein.png 100w, https:\/\/www.healthy3.ch\/wp-content\/uploads\/2020\/05\/zurueck_klein-24x24.png 24w, https:\/\/www.healthy3.ch\/wp-content\/uploads\/2020\/05\/zurueck_klein-50x50.png 50w\" sizes=\"auto, (max-width: 100px) 100vw, 100px\" \/>\t\t\t\t\t\t\n\t\t\t\t\t<\/div>\n\t\t\t\t\t\t<\/a>\t\t\n<style>\n#image_645850470 {\n  width: 100%;\n}\n<\/style>\n\t<\/div>\n\t\n\t\t<\/div>\n\t\t\t\t\t<\/div>\n\n\t\n\n\t<div id=\"col-639280499\" class=\"col medium-8 small-12 large-8\"  >\n\t\t\t\t<div class=\"col-inner text-right\"  >\n\t\t\t\n\t\t\t\n<ul class=\"sidebar-wrapper ul-reset angebots-menu\"><li id=\"nav_menu-9\" class=\"widget widget_nav_menu\"><div class=\"menu-prestations-container\"><ul id=\"menu-prestations\" class=\"menu\"><li id=\"menu-item-4294\" class=\"menu-item menu-item-type-post_type menu-item-object-page menu-item-4294\"><a href=\"https:\/\/www.healthy3.ch\/fr\/prestations\/alimentation-durable\/\" class=\"menu-image-title-hide menu-image-not-hovered\"><span class=\"menu-image-title-hide menu-image-title\">Alimentation durable<\/span><img loading=\"lazy\" decoding=\"async\" width=\"139\" height=\"139\" src=\"https:\/\/www.healthy3.ch\/wp-content\/uploads\/2020\/05\/menu_Nachhaltige_Ernaehrung-139x139.png\" class=\"menu-image menu-image-title-hide\" alt=\"\" \/><\/a><\/li>\n<li id=\"menu-item-4296\" class=\"menu-item menu-item-type-post_type menu-item-object-page menu-item-4296\"><a href=\"https:\/\/www.healthy3.ch\/fr\/prestations\/denrees-alimentaires-dorigine-vegetale\/\" class=\"menu-image-title-hide menu-image-not-hovered\"><span class=\"menu-image-title-hide menu-image-title\">Denr\u00e9es alimentaires d\u2019origine v\u00e9g\u00e9tale<\/span><img loading=\"lazy\" decoding=\"async\" width=\"139\" height=\"139\" src=\"https:\/\/www.healthy3.ch\/wp-content\/uploads\/2020\/05\/menu_Pflanzliche_Lebensmittel-139x139.png\" class=\"menu-image menu-image-title-hide\" alt=\"\" \/><\/a><\/li>\n<li id=\"menu-item-6236\" class=\"menu-item menu-item-type-post_type menu-item-object-page menu-item-6236\"><a href=\"https:\/\/www.healthy3.ch\/fr\/prestations\/transformation-consommation-viande\/\" class=\"menu-image-title-hide menu-image-not-hovered\"><span class=\"menu-image-title-hide menu-image-title\">Transformation de la consommation de viande<\/span><img loading=\"lazy\" decoding=\"async\" width=\"139\" height=\"139\" src=\"https:\/\/www.healthy3.ch\/wp-content\/uploads\/2022\/09\/Nachhaltige_Ernaehrung-139x139.png\" class=\"menu-image menu-image-title-hide\" alt=\"\" \/><\/a><\/li>\n<li id=\"menu-item-4295\" class=\"menu-item menu-item-type-post_type menu-item-object-page menu-item-4295\"><a href=\"https:\/\/www.healthy3.ch\/fr\/prestations\/mobilite-active\/\" class=\"menu-image-title-hide menu-image-not-hovered\"><span class=\"menu-image-title-hide menu-image-title\">Activit\u00e9 physique au quotidien<\/span><img loading=\"lazy\" decoding=\"async\" width=\"139\" height=\"139\" src=\"https:\/\/www.healthy3.ch\/wp-content\/uploads\/2020\/05\/menu_Bewegung_im_Alltag-139x139.png\" class=\"menu-image menu-image-title-hide\" alt=\"\" \/><\/a><\/li>\n<li id=\"menu-item-4297\" class=\"menu-item menu-item-type-post_type menu-item-object-page menu-item-4297\"><a href=\"https:\/\/www.healthy3.ch\/fr\/prestations\/denrees-alimentaires-dorigine-animale\/\" class=\"menu-image-title-hide menu-image-not-hovered\"><span class=\"menu-image-title-hide menu-image-title\">Denr\u00e9es alimentaires d\u2019origine animale<\/span><img loading=\"lazy\" decoding=\"async\" width=\"139\" height=\"139\" src=\"https:\/\/www.healthy3.ch\/wp-content\/uploads\/2020\/05\/menu_Tierische_Lebensmittel-139x139.png\" class=\"menu-image menu-image-title-hide\" alt=\"\" \/><\/a><\/li>\n<li id=\"menu-item-4298\" class=\"menu-item menu-item-type-post_type menu-item-object-page menu-item-4298\"><a href=\"https:\/\/www.healthy3.ch\/fr\/prestations\/food-waste\/\" class=\"menu-image-title-hide menu-image-not-hovered\"><span class=\"menu-image-title-hide menu-image-title\">Food Waste<\/span><img loading=\"lazy\" decoding=\"async\" width=\"139\" height=\"139\" src=\"https:\/\/www.healthy3.ch\/wp-content\/uploads\/2020\/05\/menu_Foodwaste-139x139.png\" class=\"menu-image menu-image-title-hide\" alt=\"\" \/><\/a><\/li>\n<li id=\"menu-item-4293\" class=\"menu-item menu-item-type-post_type menu-item-object-page menu-item-4293\"><a href=\"https:\/\/www.healthy3.ch\/fr\/prestations\/eau\/\" class=\"menu-image-title-hide menu-image-not-hovered\"><span class=\"menu-image-title-hide menu-image-title\">Eau<\/span><img loading=\"lazy\" decoding=\"async\" width=\"139\" height=\"139\" src=\"https:\/\/www.healthy3.ch\/wp-content\/uploads\/2020\/05\/menu_wasser-139x139.png\" class=\"menu-image menu-image-title-hide\" alt=\"\" \/><\/a><\/li>\n<\/ul><\/div><\/li><\/ul>\n\t\t<\/div>\n\t\t\t\t\t<\/div>\n\n\t\n<\/div>\n\t\t<\/div>\n\n\t\t\n<style>\n#section_115223972 {\n  padding-top: 30px;\n  padding-bottom: 30px;\n}\n<\/style>\n\t<\/section>\n\t\n\n\t<section class=\"section\" id=\"section_1691177388\">\n\t\t<div class=\"section-bg fill\" >\n\t\t\t\t\t\t\t\t\t\n\t\t\t\n\n\t\t<\/div>\n\n\t\t\n\n\t\t<div class=\"section-content relative\">\n\t\t\t\n<div class=\"row\"  id=\"row-848533556\">\n\n\t<div id=\"col-605953926\" class=\"col small-12 large-12\"  >\n\t\t\t\t<div class=\"col-inner text-center\"  >\n\t\t\t\n\t\t\t\n\t<div class=\"img has-hover x md-x lg-x y md-y lg-y\" id=\"image_1330996530\">\n\t\t\t\t\t\t\t\t<div class=\"img-inner dark\" style=\"margin:0px 0px 30px 0px;\">\n\t\t\t<img loading=\"lazy\" decoding=\"async\" width=\"695\" height=\"695\" src=\"https:\/\/www.healthy3.ch\/wp-content\/uploads\/2020\/05\/Header_Foodwaste.png\" class=\"attachment-large size-large\" alt=\"\" srcset=\"https:\/\/www.healthy3.ch\/wp-content\/uploads\/2020\/05\/Header_Foodwaste.png 695w, https:\/\/www.healthy3.ch\/wp-content\/uploads\/2020\/05\/Header_Foodwaste-300x300.png 300w, https:\/\/www.healthy3.ch\/wp-content\/uploads\/2020\/05\/Header_Foodwaste-150x150.png 150w, https:\/\/www.healthy3.ch\/wp-content\/uploads\/2020\/05\/Header_Foodwaste-24x24.png 24w, https:\/\/www.healthy3.ch\/wp-content\/uploads\/2020\/05\/Header_Foodwaste-50x50.png 50w, https:\/\/www.healthy3.ch\/wp-content\/uploads\/2020\/05\/Header_Foodwaste-139x139.png 139w\" sizes=\"auto, (max-width: 695px) 100vw, 695px\" \/>\t\t\t\t\t\t\n\t\t\t\t\t<\/div>\n\t\t\t\t\t\t\t\t\n<style>\n#image_1330996530 {\n  width: 30%;\n}\n@media (min-width:550px) {\n  #image_1330996530 {\n    width: 15%;\n  }\n}\n<\/style>\n\t<\/div>\n\t\n<h1>Food Waste<\/h1>\n\t\t<\/div>\n\t\t\t\t\t<\/div>\n\n\t\n<\/div>\n\t\t<\/div>\n\n\t\t\n<style>\n#section_1691177388 {\n  padding-top: 0px;\n  padding-bottom: 0px;\n}\n<\/style>\n\t<\/section>\n\t\n\n\t<section class=\"section\" id=\"section_895145866\">\n\t\t<div class=\"section-bg fill\" >\n\t\t\t\t\t\t\t\t\t\n\t\t\t\n\n\t\t<\/div>\n\n\t\t\n\n\t\t<div class=\"section-content relative\">\n\t\t\t\n<div class=\"row\"  id=\"row-474461867\">\n\n\t<div id=\"col-988060172\" class=\"col medium-6 small-12 large-6\"  >\n\t\t\t\t<div class=\"col-inner\"  >\n\t\t\t\n\t\t\t\n\t<div class=\"img has-hover x md-x lg-x y md-y lg-y\" id=\"image_1086521096\">\n\t\t\t\t\t\t\t\t<div class=\"img-inner dark\" >\n\t\t\t<img loading=\"lazy\" decoding=\"async\" width=\"1005\" height=\"592\" src=\"https:\/\/www.healthy3.ch\/wp-content\/uploads\/2022\/09\/Mes_choix_alim_Ma_liste_de_course_FR_15.jpg\" class=\"attachment-large size-large\" alt=\"\" srcset=\"https:\/\/www.healthy3.ch\/wp-content\/uploads\/2022\/09\/Mes_choix_alim_Ma_liste_de_course_FR_15.jpg 1005w, https:\/\/www.healthy3.ch\/wp-content\/uploads\/2022\/09\/Mes_choix_alim_Ma_liste_de_course_FR_15-300x177.jpg 300w, https:\/\/www.healthy3.ch\/wp-content\/uploads\/2022\/09\/Mes_choix_alim_Ma_liste_de_course_FR_15-768x452.jpg 768w, https:\/\/www.healthy3.ch\/wp-content\/uploads\/2022\/09\/Mes_choix_alim_Ma_liste_de_course_FR_15-24x14.jpg 24w, https:\/\/www.healthy3.ch\/wp-content\/uploads\/2022\/09\/Mes_choix_alim_Ma_liste_de_course_FR_15-50x29.jpg 50w, https:\/\/www.healthy3.ch\/wp-content\/uploads\/2022\/09\/Mes_choix_alim_Ma_liste_de_course_FR_15-139x82.jpg 139w\" sizes=\"auto, (max-width: 1005px) 100vw, 1005px\" \/>\t\t\t\t\t\t\n\t\t\t\t\t<\/div>\n\t\t\t\t\t\t\t\t\n<style>\n#image_1086521096 {\n  width: 100%;\n}\n<\/style>\n\t<\/div>\n\t\n\t<div id=\"gap-1002905692\" class=\"gap-element clearfix\" style=\"display:block; height:auto;\">\n\t\t\n<style>\n#gap-1002905692 {\n  padding-top: 50px;\n}\n<\/style>\n\t<\/div>\n\t\n<h2><strong>Le gaspillage alimentaire en Suisse \u2013 infographies de <a href=\"http:\/\/foodwaste.ch\/?lang=fr\/\" target=\"_blank\" rel=\"noopener noreferrer\">foodwaste.ch<\/a>:<\/strong><\/h2>\n<ul>\n<li><a href=\"http:\/\/foodwaste.ch\/que-signifie-le-food-waste\/?lang=fr\" target=\"_blank\" rel=\"noopener noreferrer\">Food Waste en Suisse<\/a><\/li>\n<li><a href=\"http:\/\/foodwaste.ch\/que-signifie-le-food-waste\/?lang=fr\" target=\"_blank\" rel=\"noopener noreferrer\">Quelle quantit\u00e9 de Food Waste en Suisse<\/a><\/li>\n<li><a href=\"http:\/\/foodwaste.ch\/que-signifie-le-food-waste\/?lang=fr\" target=\"_blank\" rel=\"noopener noreferrer\">O\u00f9 cr\u00e9e-t-on Food Waste<\/a><\/li>\n<li><a href=\"http:\/\/foodwaste.ch\/que-signifie-le-food-waste\/?lang=fr\" target=\"_blank\" rel=\"noopener noreferrer\">Pourquoi jetons-nous des aliments<\/a><\/li>\n<li><a href=\"http:\/\/foodwaste.ch\/que-signifie-le-food-waste\/?lang=fr\" target=\"_blank\" rel=\"noopener noreferrer\">Quelles sont les causes du Food Waste<\/a><\/li>\n<li><a href=\"http:\/\/foodwaste.ch\/que-signifie-le-food-waste\/?lang=fr\" target=\"_blank\" rel=\"noopener noreferrer\">Que contiennent nos ordures m\u00e9nag\u00e8res?<\/a><\/li>\n<li>&#8230;<\/li>\n<\/ul>\n\t\t<\/div>\n\t\t\t\t\t<\/div>\n\n\t\n\n\t<div id=\"col-559157358\" class=\"col medium-6 small-12 large-6\"  >\n\t\t\t\t<div class=\"col-inner\"  >\n\t\t\t\n\t\t\t\n<ul>\n<li><a href=\"http:\/\/foodwaste.ch\/trucs-astuces\/5-etapes\/?lang=fr\" target=\"_blank\" rel=\"noopener noreferrer\"><strong>5 \u00e9tapes contre Food Waste<\/strong><\/a>, foodwaste.ch<\/li>\n<li><a href=\"https:\/\/www.savefood.ch\/fr\/home-fr.html\" target=\"_blank\" rel=\"noopener noreferrer\"><strong>SAVE FOOD, FIGHT WASTE<\/strong><\/a>, une initiative visant \u00e0 r\u00e9duire les d\u00e9chets alimentaires dans les m\u00e9nages suisses<\/li>\n<li><strong><a href=\"https:\/\/foodwaste.ch\/wp-content\/uploads\/2022\/06\/MHDplus_Flyer_F_def.pdf\" target=\"_blank\" rel=\"noopener\">Consommation sans risque<\/a> <\/strong>\u2013 <span dir=\"ltr\" role=\"presentation\">Quelles denr\u00e9es alimentaires puis-je consommer <\/span><span dir=\"ltr\" role=\"presentation\">en toute s\u00e9curit\u00e9 apr\u00e8s expiration de la date? foodwaste.ch<\/span><\/li>\n<li><a href=\"https:\/\/www.bafu.admin.ch\/bafu\/fr\/home\/themes\/economie-consommation\/ressourcenschonung-und-kreislaufwirtschaft\/dechets-alimentaires.html\" target=\"_blank\" rel=\"noopener\"><strong>Pertes alimentaires en Suisse<\/strong><\/a>, l\u2019Office f\u00e9d\u00e9ral de l\u2019environnement OFEV<\/li>\n<li><a href=\"https:\/\/lenvironnement.ch\/article\/food-waste\" target=\"_blank\" rel=\"noopener\"><strong>Nos aliments : trop pr\u00e9cieux pour la poubelle<\/strong><\/a>, l&rsquo;environnement, OFEV<\/li>\n<li><a href=\"https:\/\/www.frc.ch\/les-gestes-quotidiens-contre-le-gaspillage-alimentaire\/\" target=\"_blank\" rel=\"noopener noreferrer\"><strong>Les gestes quotidiens contre le gaspillage alimentaire<\/strong><\/a> et <a href=\"https:\/\/www.frc.ch\/bien-accommoder-ses-restes-les-recettes-de-la-frc\/\" target=\"_blank\" rel=\"noopener noreferrer\"><strong>recettes<\/strong><\/a>, F\u00e9d\u00e9ration Romande des consommateurs FRC<\/li>\n<li><a href=\"https:\/\/www.frc.ch\/wp-content\/uploads\/2013\/10\/FRC-Fiche-1-Les-courses1.pdf\" target=\"_blank\" rel=\"noopener noreferrer\"><strong>Feuille d&rsquo;info \u00abAcheter malin pour moins jeter\u00bb<\/strong><\/a>, F\u00e9d\u00e9ration Romande des consommateurs FRC<\/li>\n<li><a href=\"https:\/\/www.frc.ch\/wp-content\/uploads\/2013\/10\/FRC-Fiche-3-Dates-limites.pdf\" target=\"_blank\" rel=\"noopener noreferrer\"><strong>Feuille d&rsquo;info \u00abBien interpreter les dates limites\u00bb<\/strong><\/a>, F\u00e9d\u00e9ration Romande des consommateurs FRC<\/li>\n<li><a href=\"https:\/\/www.frc.ch\/wp-content\/uploads\/2013\/10\/FRC-Fiche-7-Restaurant.pdf\" target=\"_blank\" rel=\"noopener noreferrer\"><strong>Feuille d&rsquo;info \u00abMieux choisir au restaurant\u00bb<\/strong><\/a>, F\u00e9d\u00e9ration Romande des consommateurs FRC<\/li>\n<li><a href=\"https:\/\/lunchidee.ch\/fr\/topics\/no-food-waste\" target=\"_blank\" rel=\"noopener\"><strong>Infos sur le Food Waste<\/strong><\/a>, lunchidee.ch<\/li>\n<li><a href=\"https:\/\/www.wwf.ch\/fr\/nos-objectifs\/gaspillage-alimentaire\" target=\"_blank\" rel=\"noopener noreferrer\"><strong>Gaspillage alimentaire<\/strong><\/a>, WWF Suisse<\/li>\n<li><strong><a href=\"http:\/\/www.sge-ssn.ch\/fr\/toi-et-moi\/les-denrees-alimentaires\/achats-et-preparation\/les-achats\/\" target=\"_blank\" rel=\"noopener noreferrer\">Feuille d\u2019info sur l\u2019achat, le transport et la conservation<\/a><\/strong>, Soci\u00e9t\u00e9 Suisse de Nutrition SSN<\/li>\n<\/ul>\n\t\t<\/div>\n\t\t\t\t\t<\/div>\n\n\t\n<\/div>\n\t\t<\/div>\n\n\t\t\n<style>\n#section_895145866 {\n  padding-top: 30px;\n  padding-bottom: 30px;\n}\n<\/style>\n\t<\/section>\n\t\n\n","protected":false},"excerpt":{"rendered":"","protected":false},"author":8,"featured_media":5528,"parent":2782,"menu_order":14,"comment_status":"closed","ping_status":"closed","template":"","meta":{"footnotes":""},"class_list":["post-4162","page","type-page","status-publish","has-post-thumbnail","hentry"],"_links":{"self":[{"href":"https:\/\/www.healthy3.ch\/fr\/wp-json\/wp\/v2\/pages\/4162","targetHints":{"allow":["GET"]}}],"collection":[{"href":"https:\/\/www.healthy3.ch\/fr\/wp-json\/wp\/v2\/pages"}],"about":[{"href":"https:\/\/www.healthy3.ch\/fr\/wp-json\/wp\/v2\/types\/page"}],"author":[{"embeddable":true,"href":"https:\/\/www.healthy3.ch\/fr\/wp-json\/wp\/v2\/users\/8"}],"replies":[{"embeddable":true,"href":"https:\/\/www.healthy3.ch\/fr\/wp-json\/wp\/v2\/comments?post=4162"}],"version-history":[{"count":20,"href":"https:\/\/www.healthy3.ch\/fr\/wp-json\/wp\/v2\/pages\/4162\/revisions"}],"predecessor-version":[{"id":8007,"href":"https:\/\/www.healthy3.ch\/fr\/wp-json\/wp\/v2\/pages\/4162\/revisions\/8007"}],"up":[{"embeddable":true,"href":"https:\/\/www.healthy3.ch\/fr\/wp-json\/wp\/v2\/pages\/2782"}],"wp:featuredmedia":[{"embeddable":true,"href":"https:\/\/www.healthy3.ch\/fr\/wp-json\/wp\/v2\/media\/5528"}],"wp:attachment":[{"href":"https:\/\/www.healthy3.ch\/fr\/wp-json\/wp\/v2\/media?parent=4162"}],"curies":[{"name":"wp","href":"https:\/\/api.w.org\/{rel}","templated":true}]}}