{"id":4165,"date":"2020-05-21T09:03:35","date_gmt":"2020-05-21T09:03:35","guid":{"rendered":"https:\/\/www.healthy3.ch\/?page_id=4165"},"modified":"2025-04-24T20:15:19","modified_gmt":"2025-04-24T20:15:19","slug":"denrees-alimentaires-dorigine-animale","status":"publish","type":"page","link":"https:\/\/www.healthy3.ch\/fr\/prestations\/denrees-alimentaires-dorigine-animale\/","title":{"rendered":"Denr\u00e9es alimentaires d&rsquo;origine animale"},"content":{"rendered":"\n\t<section class=\"section\" id=\"section_592387861\">\n\t\t<div class=\"section-bg fill\" >\n\t\t\t\t\t\t\t\t\t\n\t\t\t\n\n\t\t<\/div>\n\n\t\t\n\n\t\t<div class=\"section-content relative\">\n\t\t\t\n<div class=\"row\"  id=\"row-1039588990\">\n\n\t<div id=\"col-1229811268\" class=\"col medium-4 small-12 large-4\"  >\n\t\t\t\t<div class=\"col-inner\"  >\n\t\t\t\n\t\t\t\n\t<div class=\"img has-hover icon-back x md-x lg-x y md-y lg-y\" id=\"image_1220577722\">\n\t\t<a class=\"\" href=\"\/prestations\/\" >\t\t\t\t\t\t<div class=\"img-inner dark\" >\n\t\t\t<img loading=\"lazy\" decoding=\"async\" width=\"100\" height=\"100\" src=\"https:\/\/www.healthy3.ch\/wp-content\/uploads\/2020\/05\/zurueck_klein.png\" class=\"attachment-original size-original\" alt=\"\" srcset=\"https:\/\/www.healthy3.ch\/wp-content\/uploads\/2020\/05\/zurueck_klein.png 100w, https:\/\/www.healthy3.ch\/wp-content\/uploads\/2020\/05\/zurueck_klein-24x24.png 24w, https:\/\/www.healthy3.ch\/wp-content\/uploads\/2020\/05\/zurueck_klein-50x50.png 50w\" sizes=\"auto, (max-width: 100px) 100vw, 100px\" \/>\t\t\t\t\t\t\n\t\t\t\t\t<\/div>\n\t\t\t\t\t\t<\/a>\t\t\n<style>\n#image_1220577722 {\n  width: 100%;\n}\n<\/style>\n\t<\/div>\n\t\n\t\t<\/div>\n\t\t\t\t\t<\/div>\n\n\t\n\n\t<div id=\"col-270049603\" class=\"col medium-8 small-12 large-8\"  >\n\t\t\t\t<div class=\"col-inner text-right\"  >\n\t\t\t\n\t\t\t\n<ul class=\"sidebar-wrapper ul-reset angebots-menu\"><li id=\"nav_menu-9\" class=\"widget widget_nav_menu\"><div class=\"menu-prestations-container\"><ul id=\"menu-prestations\" class=\"menu\"><li id=\"menu-item-4294\" class=\"menu-item menu-item-type-post_type menu-item-object-page menu-item-4294\"><a href=\"https:\/\/www.healthy3.ch\/fr\/prestations\/alimentation-durable\/\" class=\"menu-image-title-hide menu-image-not-hovered\"><span class=\"menu-image-title-hide menu-image-title\">Alimentation durable<\/span><img loading=\"lazy\" decoding=\"async\" width=\"139\" height=\"139\" src=\"https:\/\/www.healthy3.ch\/wp-content\/uploads\/2020\/05\/menu_Nachhaltige_Ernaehrung-139x139.png\" class=\"menu-image menu-image-title-hide\" alt=\"\" \/><\/a><\/li>\n<li id=\"menu-item-4296\" class=\"menu-item menu-item-type-post_type menu-item-object-page menu-item-4296\"><a href=\"https:\/\/www.healthy3.ch\/fr\/prestations\/denrees-alimentaires-dorigine-vegetale\/\" class=\"menu-image-title-hide menu-image-not-hovered\"><span class=\"menu-image-title-hide menu-image-title\">Denr\u00e9es alimentaires d\u2019origine v\u00e9g\u00e9tale<\/span><img loading=\"lazy\" decoding=\"async\" width=\"139\" height=\"139\" src=\"https:\/\/www.healthy3.ch\/wp-content\/uploads\/2020\/05\/menu_Pflanzliche_Lebensmittel-139x139.png\" class=\"menu-image menu-image-title-hide\" alt=\"\" \/><\/a><\/li>\n<li id=\"menu-item-6236\" class=\"menu-item menu-item-type-post_type menu-item-object-page menu-item-6236\"><a href=\"https:\/\/www.healthy3.ch\/fr\/prestations\/transformation-consommation-viande\/\" class=\"menu-image-title-hide menu-image-not-hovered\"><span class=\"menu-image-title-hide menu-image-title\">Transformation de la consommation de viande<\/span><img loading=\"lazy\" decoding=\"async\" width=\"139\" height=\"139\" src=\"https:\/\/www.healthy3.ch\/wp-content\/uploads\/2022\/09\/Nachhaltige_Ernaehrung-139x139.png\" class=\"menu-image menu-image-title-hide\" alt=\"\" \/><\/a><\/li>\n<li id=\"menu-item-4295\" class=\"menu-item menu-item-type-post_type menu-item-object-page menu-item-4295\"><a href=\"https:\/\/www.healthy3.ch\/fr\/prestations\/mobilite-active\/\" class=\"menu-image-title-hide menu-image-not-hovered\"><span class=\"menu-image-title-hide menu-image-title\">Activit\u00e9 physique au quotidien<\/span><img loading=\"lazy\" decoding=\"async\" width=\"139\" height=\"139\" src=\"https:\/\/www.healthy3.ch\/wp-content\/uploads\/2020\/05\/menu_Bewegung_im_Alltag-139x139.png\" class=\"menu-image menu-image-title-hide\" alt=\"\" \/><\/a><\/li>\n<li id=\"menu-item-4297\" class=\"menu-item menu-item-type-post_type menu-item-object-page menu-item-4297\"><a href=\"https:\/\/www.healthy3.ch\/fr\/prestations\/denrees-alimentaires-dorigine-animale\/\" class=\"menu-image-title-hide menu-image-not-hovered\"><span class=\"menu-image-title-hide menu-image-title\">Denr\u00e9es alimentaires d\u2019origine animale<\/span><img loading=\"lazy\" decoding=\"async\" width=\"139\" height=\"139\" src=\"https:\/\/www.healthy3.ch\/wp-content\/uploads\/2020\/05\/menu_Tierische_Lebensmittel-139x139.png\" class=\"menu-image menu-image-title-hide\" alt=\"\" \/><\/a><\/li>\n<li id=\"menu-item-4298\" class=\"menu-item menu-item-type-post_type menu-item-object-page menu-item-4298\"><a href=\"https:\/\/www.healthy3.ch\/fr\/prestations\/food-waste\/\" class=\"menu-image-title-hide menu-image-not-hovered\"><span class=\"menu-image-title-hide menu-image-title\">Food Waste<\/span><img loading=\"lazy\" decoding=\"async\" width=\"139\" height=\"139\" src=\"https:\/\/www.healthy3.ch\/wp-content\/uploads\/2020\/05\/menu_Foodwaste-139x139.png\" class=\"menu-image menu-image-title-hide\" alt=\"\" \/><\/a><\/li>\n<li id=\"menu-item-4293\" class=\"menu-item menu-item-type-post_type menu-item-object-page menu-item-4293\"><a href=\"https:\/\/www.healthy3.ch\/fr\/prestations\/eau\/\" class=\"menu-image-title-hide menu-image-not-hovered\"><span class=\"menu-image-title-hide menu-image-title\">Eau<\/span><img loading=\"lazy\" decoding=\"async\" width=\"139\" height=\"139\" src=\"https:\/\/www.healthy3.ch\/wp-content\/uploads\/2020\/05\/menu_wasser-139x139.png\" class=\"menu-image menu-image-title-hide\" alt=\"\" \/><\/a><\/li>\n<\/ul><\/div><\/li><\/ul>\n\t\t<\/div>\n\t\t\t\t\t<\/div>\n\n\t\n<\/div>\n\t\t<\/div>\n\n\t\t\n<style>\n#section_592387861 {\n  padding-top: 30px;\n  padding-bottom: 30px;\n}\n<\/style>\n\t<\/section>\n\t\n\n\t<section class=\"section\" id=\"section_69535671\">\n\t\t<div class=\"section-bg fill\" >\n\t\t\t\t\t\t\t\t\t\n\t\t\t\n\n\t\t<\/div>\n\n\t\t\n\n\t\t<div class=\"section-content relative\">\n\t\t\t\n<div class=\"row\"  id=\"row-1389113076\">\n\n\t<div id=\"col-1149247655\" class=\"col small-12 large-12\"  >\n\t\t\t\t<div class=\"col-inner text-center\"  >\n\t\t\t\n\t\t\t\n\t<div class=\"img has-hover x md-x lg-x y md-y lg-y\" id=\"image_661910137\">\n\t\t\t\t\t\t\t\t<div class=\"img-inner dark\" style=\"margin:0px 0px 30px 0px;\">\n\t\t\t<img loading=\"lazy\" decoding=\"async\" width=\"695\" height=\"695\" src=\"https:\/\/www.healthy3.ch\/wp-content\/uploads\/2020\/05\/Header_Tierische_Lebensmittel.png\" class=\"attachment-large size-large\" alt=\"\" srcset=\"https:\/\/www.healthy3.ch\/wp-content\/uploads\/2020\/05\/Header_Tierische_Lebensmittel.png 695w, https:\/\/www.healthy3.ch\/wp-content\/uploads\/2020\/05\/Header_Tierische_Lebensmittel-300x300.png 300w, https:\/\/www.healthy3.ch\/wp-content\/uploads\/2020\/05\/Header_Tierische_Lebensmittel-150x150.png 150w, https:\/\/www.healthy3.ch\/wp-content\/uploads\/2020\/05\/Header_Tierische_Lebensmittel-24x24.png 24w, https:\/\/www.healthy3.ch\/wp-content\/uploads\/2020\/05\/Header_Tierische_Lebensmittel-50x50.png 50w, https:\/\/www.healthy3.ch\/wp-content\/uploads\/2020\/05\/Header_Tierische_Lebensmittel-139x139.png 139w\" sizes=\"auto, (max-width: 695px) 100vw, 695px\" \/>\t\t\t\t\t\t\n\t\t\t\t\t<\/div>\n\t\t\t\t\t\t\t\t\n<style>\n#image_661910137 {\n  width: 30%;\n}\n@media (min-width:550px) {\n  #image_661910137 {\n    width: 15%;\n  }\n}\n<\/style>\n\t<\/div>\n\t\n<h1>Denr\u00e9es alimentaires d&rsquo;origine animale<\/h1>\n\t\t<\/div>\n\t\t\t\t\t<\/div>\n\n\t\n<\/div>\n\t\t<\/div>\n\n\t\t\n<style>\n#section_69535671 {\n  padding-top: 0px;\n  padding-bottom: 0px;\n}\n<\/style>\n\t<\/section>\n\t\n\n\t<section class=\"section\" id=\"section_1403510963\">\n\t\t<div class=\"section-bg fill\" >\n\t\t\t\t\t\t\t\t\t\n\t\t\t\n\n\t\t<\/div>\n\n\t\t\n\n\t\t<div class=\"section-content relative\">\n\t\t\t\n<div class=\"row\"  id=\"row-1626030035\">\n\n\t<div id=\"col-1144319584\" class=\"col medium-6 small-12 large-6\"  >\n\t\t\t\t<div class=\"col-inner\"  >\n\t\t\t\n\t\t\t\n\t<div class=\"img has-hover x md-x lg-x y md-y lg-y\" id=\"image_1815222460\">\n\t\t<a class=\"\" href=\"https:\/\/www.meschoixenvironnement.ch\" target=\"_blank\" rel=\"noopener\" >\t\t\t\t\t\t<div class=\"img-inner dark\" >\n\t\t\t<img loading=\"lazy\" decoding=\"async\" width=\"1005\" height=\"591\" src=\"https:\/\/www.healthy3.ch\/wp-content\/uploads\/2022\/09\/Mes_choix_alim_EcoBilan_FR_03.jpg\" class=\"attachment-large size-large\" alt=\"\" srcset=\"https:\/\/www.healthy3.ch\/wp-content\/uploads\/2022\/09\/Mes_choix_alim_EcoBilan_FR_03.jpg 1005w, https:\/\/www.healthy3.ch\/wp-content\/uploads\/2022\/09\/Mes_choix_alim_EcoBilan_FR_03-300x176.jpg 300w, https:\/\/www.healthy3.ch\/wp-content\/uploads\/2022\/09\/Mes_choix_alim_EcoBilan_FR_03-768x452.jpg 768w, https:\/\/www.healthy3.ch\/wp-content\/uploads\/2022\/09\/Mes_choix_alim_EcoBilan_FR_03-24x14.jpg 24w, https:\/\/www.healthy3.ch\/wp-content\/uploads\/2022\/09\/Mes_choix_alim_EcoBilan_FR_03-50x29.jpg 50w, https:\/\/www.healthy3.ch\/wp-content\/uploads\/2022\/09\/Mes_choix_alim_EcoBilan_FR_03-139x82.jpg 139w\" sizes=\"auto, (max-width: 1005px) 100vw, 1005px\" \/>\t\t\t\t\t\t\n\t\t\t\t\t<\/div>\n\t\t\t\t\t\t<\/a>\t\t\n<style>\n#image_1815222460 {\n  width: 100%;\n}\n<\/style>\n\t<\/div>\n\t\n\t\t<\/div>\n\t\t\t\t\t<\/div>\n\n\t\n\n\t<div id=\"col-129796997\" class=\"col medium-6 small-12 large-6\"  >\n\t\t\t\t<div class=\"col-inner\"  >\n\t\t\t\n\t\t\t\n<ul>\n<li><a href=\"https:\/\/www.blv.admin.ch\/blv\/fr\/home\/das-blv\/organisation\/kommissionen\/eek\/gesundheitliche-aspekte-des-fleischkonsums.html\" target=\"_blank\" rel=\"noopener noreferrer\"><strong>Aspects sanitaires de la consommation de viande<\/strong><\/a>, Commission f\u00e9d\u00e9rale de l&rsquo;alimentation COFA<\/li>\n<li><a href=\"https:\/\/www.planetoscope.com\/elevage-viande\/1235-consommation-mondiale-de-viande.html\" target=\"_blank\" rel=\"noopener noreferrer\"><strong>Consommation de viande en chiffre<\/strong><\/a>, Planetoscope<\/li>\n<li><a href=\"https:\/\/www.wwf.ch\/fr\/stories\/mon-steak-un-danger-pour-la-foret-tropicale-10-mythes-sur-la-destruction-des-forets\" target=\"_blank\" rel=\"noopener noreferrer\"><strong>Mon steak, un danger pour la for\u00eat tropicale<\/strong><\/a>, WWF Suisse<\/li>\n<li><a href=\"http:\/\/www.wwf.ch\/fr\/savoir\/consommation\/manger_boire\/poissons\/\" target=\"_blank\" rel=\"noopener noreferrer\"><strong>Poissons et fruits de mer<\/strong><\/a> &amp; <a href=\"http:\/\/www.wwf.ch\/fr\/agir\/vivre_mieux\/guide_en_ligne\/poissons___fruits_de_mer\/\" target=\"_blank\" rel=\"noopener noreferrer\"><strong>guide en ligne<\/strong><\/a>, WWF Suisse<\/li>\n<li><a href=\"http:\/\/www.wwf.ch\/fr\/savoir\/consommation\/manger_boire\/\" target=\"_blank\" rel=\"noopener noreferrer\"><strong>Manger &amp; boire<\/strong><\/a>, l&rsquo;application <a href=\"http:\/\/www.wwf.ch\/fr\/agir\/vivre_mieux\/guide_alimentation\/\" target=\"_blank\" rel=\"noopener noreferrer\"><strong>\u00abGuide WWF\u00bb<\/strong><\/a>, WWF Suisse<\/li>\n<li><a href=\"https:\/\/www.meschoixenvironnement.ch\/mes-choix-alimentation\/\" target=\"_blank\" rel=\"noopener noreferrer\"><strong>Mes choix environnement<\/strong><\/a>, images et mat\u00e9riel de sensibilisation sur l&rsquo;impact de l&rsquo;alimentation<\/li>\n<li><strong><a href=\"http:\/\/www.fair-fish.ch\/de\/francais\/\" target=\"_blank\" rel=\"noopener noreferrer\">fair-fish.ch<\/a><\/strong><\/li>\n<li><a href=\"https:\/\/www.blv.admin.ch\/blv\/fr\/home\/lebensmittel-und-ernaehrung\/lebensmittelsicherheit\/einzelne-lebensmittel\/insekten.html\" target=\"_blank\" rel=\"noopener noreferrer\"><strong>Les insectes comme denr\u00e9e alimentaire<\/strong><\/a>, Office f\u00e9d\u00e9ral de la s\u00e9curit\u00e9 alimentaire et des affaires v\u00e9t\u00e9rinaires OSAV<\/li>\n<li><a href=\"http:\/\/labelinfo.ch\/fr\/home\" target=\"_blank\" rel=\"noopener noreferrer\"><strong>labelinfo.ch<\/strong><\/a>, Label et denr\u00e9es alimentaires sur <a href=\"http:\/\/labelinfo.ch\/fr\/labels?label=&amp;group=36&amp;prod=49\" target=\"_blank\" rel=\"noopener noreferrer\">viande<\/a>, <a href=\"http:\/\/labelinfo.ch\/fr\/labels?label=&amp;group=36&amp;prod=55\" target=\"_blank\" rel=\"noopener noreferrer\">produits laitiers<\/a>, <a href=\"http:\/\/labelinfo.ch\/fr\/labels?label=&amp;group=36&amp;prod=47\" target=\"_blank\" rel=\"noopener noreferrer\">oeufs<\/a>, <a href=\"http:\/\/labelinfo.ch\/fr\/labels?label=&amp;group=36&amp;prod=48\" target=\"_blank\" rel=\"noopener noreferrer\">poissons et fruits de mer<\/a><\/li>\n<\/ul>\n\t\t<\/div>\n\t\t\t\t\t<\/div>\n\n\t\n<\/div>\n\t\t<\/div>\n\n\t\t\n<style>\n#section_1403510963 {\n  padding-top: 30px;\n  padding-bottom: 30px;\n}\n<\/style>\n\t<\/section>\n\t\n\n","protected":false},"excerpt":{"rendered":"","protected":false},"author":8,"featured_media":0,"parent":2782,"menu_order":13,"comment_status":"closed","ping_status":"closed","template":"","meta":{"footnotes":""},"class_list":["post-4165","page","type-page","status-publish","hentry"],"_links":{"self":[{"href":"https:\/\/www.healthy3.ch\/fr\/wp-json\/wp\/v2\/pages\/4165","targetHints":{"allow":["GET"]}}],"collection":[{"href":"https:\/\/www.healthy3.ch\/fr\/wp-json\/wp\/v2\/pages"}],"about":[{"href":"https:\/\/www.healthy3.ch\/fr\/wp-json\/wp\/v2\/types\/page"}],"author":[{"embeddable":true,"href":"https:\/\/www.healthy3.ch\/fr\/wp-json\/wp\/v2\/users\/8"}],"replies":[{"embeddable":true,"href":"https:\/\/www.healthy3.ch\/fr\/wp-json\/wp\/v2\/comments?post=4165"}],"version-history":[{"count":14,"href":"https:\/\/www.healthy3.ch\/fr\/wp-json\/wp\/v2\/pages\/4165\/revisions"}],"predecessor-version":[{"id":7902,"href":"https:\/\/www.healthy3.ch\/fr\/wp-json\/wp\/v2\/pages\/4165\/revisions\/7902"}],"up":[{"embeddable":true,"href":"https:\/\/www.healthy3.ch\/fr\/wp-json\/wp\/v2\/pages\/2782"}],"wp:attachment":[{"href":"https:\/\/www.healthy3.ch\/fr\/wp-json\/wp\/v2\/media?parent=4165"}],"curies":[{"name":"wp","href":"https:\/\/api.w.org\/{rel}","templated":true}]}}