{"id":4167,"date":"2020-05-21T09:03:35","date_gmt":"2020-05-21T09:03:35","guid":{"rendered":"https:\/\/www.healthy3.ch\/?page_id=4167"},"modified":"2026-03-31T14:43:59","modified_gmt":"2026-03-31T14:43:59","slug":"denrees-alimentaires-dorigine-vegetale","status":"publish","type":"page","link":"https:\/\/www.healthy3.ch\/fr\/prestations\/denrees-alimentaires-dorigine-vegetale\/","title":{"rendered":"Denr\u00e9es alimentaires d&rsquo;origine v\u00e9g\u00e9tale"},"content":{"rendered":"\n\t<section class=\"section\" id=\"section_2001318174\">\n\t\t<div class=\"section-bg fill\" >\n\t\t\t\t\t\t\t\t\t\n\t\t\t\n\n\t\t<\/div>\n\n\t\t\n\n\t\t<div class=\"section-content relative\">\n\t\t\t\n<div class=\"row\"  id=\"row-1398978516\">\n\n\t<div id=\"col-1411766431\" class=\"col medium-4 small-12 large-4\"  >\n\t\t\t\t<div class=\"col-inner\"  >\n\t\t\t\n\t\t\t\n\t<div class=\"img has-hover icon-back x md-x lg-x y md-y lg-y\" id=\"image_1037850573\">\n\t\t\t\t\t\t\t\t<div class=\"img-inner dark\" >\n\t\t\t<img loading=\"lazy\" decoding=\"async\" width=\"100\" height=\"100\" src=\"https:\/\/www.healthy3.ch\/wp-content\/uploads\/2020\/05\/zurueck_klein.png\" class=\"attachment-original size-original\" alt=\"\" srcset=\"https:\/\/www.healthy3.ch\/wp-content\/uploads\/2020\/05\/zurueck_klein.png 100w, https:\/\/www.healthy3.ch\/wp-content\/uploads\/2020\/05\/zurueck_klein-24x24.png 24w, https:\/\/www.healthy3.ch\/wp-content\/uploads\/2020\/05\/zurueck_klein-50x50.png 50w\" sizes=\"auto, (max-width: 100px) 100vw, 100px\" \/>\t\t\t\t\t\t\n\t\t\t\t\t<\/div>\n\t\t\t\t\t\t\t\t\n<style>\n#image_1037850573 {\n  width: 100%;\n}\n<\/style>\n\t<\/div>\n\t\n\t\t<\/div>\n\t\t\t\t\t<\/div>\n\n\t\n\n\t<div id=\"col-2046028528\" class=\"col medium-8 small-12 large-8\"  >\n\t\t\t\t<div class=\"col-inner text-right\"  >\n\t\t\t\n\t\t\t\n<ul class=\"sidebar-wrapper ul-reset angebots-menu\"><li id=\"nav_menu-9\" class=\"widget widget_nav_menu\"><div class=\"menu-prestations-container\"><ul id=\"menu-prestations\" class=\"menu\"><li id=\"menu-item-4294\" class=\"menu-item menu-item-type-post_type menu-item-object-page menu-item-4294\"><a href=\"https:\/\/www.healthy3.ch\/fr\/prestations\/alimentation-durable\/\" class=\"menu-image-title-hide menu-image-not-hovered\"><span class=\"menu-image-title-hide menu-image-title\">Alimentation durable<\/span><img loading=\"lazy\" decoding=\"async\" width=\"139\" height=\"139\" src=\"https:\/\/www.healthy3.ch\/wp-content\/uploads\/2020\/05\/menu_Nachhaltige_Ernaehrung-139x139.png\" class=\"menu-image menu-image-title-hide\" alt=\"\" \/><\/a><\/li>\n<li id=\"menu-item-4296\" class=\"menu-item menu-item-type-post_type menu-item-object-page menu-item-4296\"><a href=\"https:\/\/www.healthy3.ch\/fr\/prestations\/denrees-alimentaires-dorigine-vegetale\/\" class=\"menu-image-title-hide menu-image-not-hovered\"><span class=\"menu-image-title-hide menu-image-title\">Denr\u00e9es alimentaires d\u2019origine v\u00e9g\u00e9tale<\/span><img loading=\"lazy\" decoding=\"async\" width=\"139\" height=\"139\" src=\"https:\/\/www.healthy3.ch\/wp-content\/uploads\/2020\/05\/menu_Pflanzliche_Lebensmittel-139x139.png\" class=\"menu-image menu-image-title-hide\" alt=\"\" \/><\/a><\/li>\n<li id=\"menu-item-6236\" class=\"menu-item menu-item-type-post_type menu-item-object-page menu-item-6236\"><a href=\"https:\/\/www.healthy3.ch\/fr\/prestations\/transformation-consommation-viande\/\" class=\"menu-image-title-hide menu-image-not-hovered\"><span class=\"menu-image-title-hide menu-image-title\">Transformation de la consommation de viande<\/span><img loading=\"lazy\" decoding=\"async\" width=\"139\" height=\"139\" src=\"https:\/\/www.healthy3.ch\/wp-content\/uploads\/2022\/09\/Nachhaltige_Ernaehrung-139x139.png\" class=\"menu-image menu-image-title-hide\" alt=\"\" \/><\/a><\/li>\n<li id=\"menu-item-4295\" class=\"menu-item menu-item-type-post_type menu-item-object-page menu-item-4295\"><a href=\"https:\/\/www.healthy3.ch\/fr\/prestations\/mobilite-active\/\" class=\"menu-image-title-hide menu-image-not-hovered\"><span class=\"menu-image-title-hide menu-image-title\">Activit\u00e9 physique au quotidien<\/span><img loading=\"lazy\" decoding=\"async\" width=\"139\" height=\"139\" src=\"https:\/\/www.healthy3.ch\/wp-content\/uploads\/2020\/05\/menu_Bewegung_im_Alltag-139x139.png\" class=\"menu-image menu-image-title-hide\" alt=\"\" \/><\/a><\/li>\n<li id=\"menu-item-4297\" class=\"menu-item menu-item-type-post_type menu-item-object-page menu-item-4297\"><a href=\"https:\/\/www.healthy3.ch\/fr\/prestations\/denrees-alimentaires-dorigine-animale\/\" class=\"menu-image-title-hide menu-image-not-hovered\"><span class=\"menu-image-title-hide menu-image-title\">Denr\u00e9es alimentaires d\u2019origine animale<\/span><img loading=\"lazy\" decoding=\"async\" width=\"139\" height=\"139\" src=\"https:\/\/www.healthy3.ch\/wp-content\/uploads\/2020\/05\/menu_Tierische_Lebensmittel-139x139.png\" class=\"menu-image menu-image-title-hide\" alt=\"\" \/><\/a><\/li>\n<li id=\"menu-item-4298\" class=\"menu-item menu-item-type-post_type menu-item-object-page menu-item-4298\"><a href=\"https:\/\/www.healthy3.ch\/fr\/prestations\/food-waste\/\" class=\"menu-image-title-hide menu-image-not-hovered\"><span class=\"menu-image-title-hide menu-image-title\">Food Waste<\/span><img loading=\"lazy\" decoding=\"async\" width=\"139\" height=\"139\" src=\"https:\/\/www.healthy3.ch\/wp-content\/uploads\/2020\/05\/menu_Foodwaste-139x139.png\" class=\"menu-image menu-image-title-hide\" alt=\"\" \/><\/a><\/li>\n<li id=\"menu-item-4293\" class=\"menu-item menu-item-type-post_type menu-item-object-page menu-item-4293\"><a href=\"https:\/\/www.healthy3.ch\/fr\/prestations\/eau\/\" class=\"menu-image-title-hide menu-image-not-hovered\"><span class=\"menu-image-title-hide menu-image-title\">Eau<\/span><img loading=\"lazy\" decoding=\"async\" width=\"139\" height=\"139\" src=\"https:\/\/www.healthy3.ch\/wp-content\/uploads\/2020\/05\/menu_wasser-139x139.png\" class=\"menu-image menu-image-title-hide\" alt=\"\" \/><\/a><\/li>\n<\/ul><\/div><\/li><\/ul>\n\t\t<\/div>\n\t\t\t\t\t<\/div>\n\n\t\n<\/div>\n\t\t<\/div>\n\n\t\t\n<style>\n#section_2001318174 {\n  padding-top: 30px;\n  padding-bottom: 30px;\n}\n<\/style>\n\t<\/section>\n\t\n\n\t<section class=\"section\" id=\"section_852577787\">\n\t\t<div class=\"section-bg fill\" >\n\t\t\t\t\t\t\t\t\t\n\t\t\t\n\n\t\t<\/div>\n\n\t\t\n\n\t\t<div class=\"section-content relative\">\n\t\t\t\n<div class=\"row\"  id=\"row-1232048799\">\n\n\t<div id=\"col-351393246\" class=\"col small-12 large-12\"  >\n\t\t\t\t<div class=\"col-inner text-center\"  >\n\t\t\t\n\t\t\t\n\t<div class=\"img has-hover x md-x lg-x y md-y lg-y\" id=\"image_381910468\">\n\t\t\t\t\t\t\t\t<div class=\"img-inner dark\" style=\"margin:0px 0px 30px 0px;\">\n\t\t\t<img loading=\"lazy\" decoding=\"async\" width=\"695\" height=\"695\" src=\"https:\/\/www.healthy3.ch\/wp-content\/uploads\/2020\/05\/Header_Pflanzliche_Lebensmittel.png\" class=\"attachment-large size-large\" alt=\"\" srcset=\"https:\/\/www.healthy3.ch\/wp-content\/uploads\/2020\/05\/Header_Pflanzliche_Lebensmittel.png 695w, https:\/\/www.healthy3.ch\/wp-content\/uploads\/2020\/05\/Header_Pflanzliche_Lebensmittel-300x300.png 300w, https:\/\/www.healthy3.ch\/wp-content\/uploads\/2020\/05\/Header_Pflanzliche_Lebensmittel-150x150.png 150w, https:\/\/www.healthy3.ch\/wp-content\/uploads\/2020\/05\/Header_Pflanzliche_Lebensmittel-24x24.png 24w, https:\/\/www.healthy3.ch\/wp-content\/uploads\/2020\/05\/Header_Pflanzliche_Lebensmittel-50x50.png 50w, https:\/\/www.healthy3.ch\/wp-content\/uploads\/2020\/05\/Header_Pflanzliche_Lebensmittel-139x139.png 139w\" sizes=\"auto, (max-width: 695px) 100vw, 695px\" \/>\t\t\t\t\t\t\n\t\t\t\t\t<\/div>\n\t\t\t\t\t\t\t\t\n<style>\n#image_381910468 {\n  width: 30%;\n}\n@media (min-width:550px) {\n  #image_381910468 {\n    width: 15%;\n  }\n}\n<\/style>\n\t<\/div>\n\t\n<h1>Denr\u00e9es alimentaires d&rsquo;origine v\u00e9g\u00e9tale<\/h1>\n\t\t<\/div>\n\t\t\t\t\t<\/div>\n\n\t\n<\/div>\n\t\t<\/div>\n\n\t\t\n<style>\n#section_852577787 {\n  padding-top: 0px;\n  padding-bottom: 0px;\n}\n<\/style>\n\t<\/section>\n\t\n\n\t<section class=\"section\" id=\"section_2004033859\">\n\t\t<div class=\"section-bg fill\" >\n\t\t\t\t\t\t\t\t\t\n\t\t\t\n\n\t\t<\/div>\n\n\t\t\n\n\t\t<div class=\"section-content relative\">\n\t\t\t\n<div class=\"row\"  id=\"row-337345108\">\n\n\t<div id=\"col-1124080449\" class=\"col medium-6 small-12 large-6\"  >\n\t\t\t\t<div class=\"col-inner\"  >\n\t\t\t\n\t\t\t\n\t<div class=\"img has-hover x md-x lg-x y md-y lg-y\" id=\"image_829965591\">\n\t\t\t\t\t\t\t\t<div class=\"img-inner dark\" >\n\t\t\t<img loading=\"lazy\" decoding=\"async\" width=\"1005\" height=\"591\" src=\"https:\/\/www.healthy3.ch\/wp-content\/uploads\/2022\/09\/Mes_choix_alim_Ma_liste_de_course_FR_3.jpg\" class=\"attachment-large size-large\" alt=\"\" srcset=\"https:\/\/www.healthy3.ch\/wp-content\/uploads\/2022\/09\/Mes_choix_alim_Ma_liste_de_course_FR_3.jpg 1005w, https:\/\/www.healthy3.ch\/wp-content\/uploads\/2022\/09\/Mes_choix_alim_Ma_liste_de_course_FR_3-300x176.jpg 300w, https:\/\/www.healthy3.ch\/wp-content\/uploads\/2022\/09\/Mes_choix_alim_Ma_liste_de_course_FR_3-768x452.jpg 768w, https:\/\/www.healthy3.ch\/wp-content\/uploads\/2022\/09\/Mes_choix_alim_Ma_liste_de_course_FR_3-24x14.jpg 24w, https:\/\/www.healthy3.ch\/wp-content\/uploads\/2022\/09\/Mes_choix_alim_Ma_liste_de_course_FR_3-50x29.jpg 50w, https:\/\/www.healthy3.ch\/wp-content\/uploads\/2022\/09\/Mes_choix_alim_Ma_liste_de_course_FR_3-139x82.jpg 139w\" sizes=\"auto, (max-width: 1005px) 100vw, 1005px\" \/>\t\t\t\t\t\t\n\t\t\t\t\t<\/div>\n\t\t\t\t\t\t\t\t\n<style>\n#image_829965591 {\n  width: 100%;\n}\n<\/style>\n\t<\/div>\n\t\n\t\t<\/div>\n\t\t\t\t\t<\/div>\n\n\t\n\n\t<div id=\"col-726388836\" class=\"col medium-6 small-12 large-6\"  >\n\t\t\t\t<div class=\"col-inner\"  >\n\t\t\t\n\t\t\t\n<ul>\n<li><strong><a href=\"https:\/\/www.sge-ssn.ch\/media\/xgkjlmud\/feuille-dinfo-alimentation-ovo-lacto-vegetarienne.pdf\" target=\"_blank\" rel=\"noopener\">L&rsquo;alimentation v\u00e9g\u00e9tarienne<\/a><\/strong> et <a href=\"https:\/\/www.sge-ssn.ch\/media\/dhbprcon\/feuille-dinfo-alimentation-vegetalienne.pdf\" target=\"_blank\" rel=\"noopener\"><strong>l&rsquo;alimentation v\u00e9g\u00e9talienne<\/strong><\/a>, feuilles d&rsquo;infos, Soci\u00e9t\u00e9 Suisse de Nutrition SSN<\/li>\n<li><a href=\"https:\/\/www.blv.admin.ch\/blv\/fr\/home\/das-blv\/organisation\/kommissionen\/eek\/vor-und-nachteile-vegane-ernaehrung.html\" target=\"_blank\" rel=\"noopener noreferrer\"><strong>Alimentation v\u00e9g\u00e9tarienne<\/strong> <strong>: avantages et d\u00e9savantages<\/strong><\/a>, Commission f\u00e9d\u00e9rale de l&rsquo;alimentation COFA<\/li>\n<li><a href=\"https:\/\/www.sge-ssn.ch\/media\/cuofrx2k\/if_proteines_2026_fr.pdf\" target=\"_blank\" rel=\"noopener\"><strong>Les prot\u00e9ines<\/strong><\/a>, Soci\u00e9t\u00e9 Suisse de Nutrition SSN<\/li>\n<li><span lang=\"FR\"><a href=\"https:\/\/www.wwf.ch\/fr\/futurefoods\" target=\"_blank\" rel=\"noopener\"><strong>Future Foods: 30 aliments prometteurs pour l\u2019avenir<\/strong><\/a>, WWF Suisse<\/span><\/li>\n<li><a href=\"https:\/\/www.sge-ssn.ch\/media\/5sbn3frq\/ssn_fi_fruitscoque_online_fr.pdf\" target=\"_blank\" rel=\"noopener\"><strong>Fruits \u00e0 coque et graines ol\u00e9agineuses<\/strong><\/a>, feuille d&rsquo;info, Soci\u00e9t\u00e9 Suisse de Nutrition SSN<\/li>\n<li>Informations sur <strong><a href=\"https:\/\/lunchidee.ch\/fr\/topics\/varietes-de-legumes\" target=\"_blank\" rel=\"noopener noreferrer\">vari\u00e9t\u00e9s de l\u00e9gumes<\/a>, <a href=\"https:\/\/lunchidee.ch\/fr\/topics\/pommes-de-terre\" target=\"_blank\" rel=\"noopener noreferrer\">pommes de terre<\/a>, <a href=\"https:\/\/lunchidee.ch\/fr\/topics\/legumineuses\" target=\"_blank\" rel=\"noopener noreferrer\">l\u00e9gumineuses<\/a>, <a href=\"https:\/\/lunchidee.ch\/fr\/topics\/cereales-pain\" target=\"_blank\" rel=\"noopener noreferrer\">c\u00e9r\u00e9ales<\/a>, <a href=\"https:\/\/lunchidee.ch\/fr\/topics\/cafe-chocolat\" target=\"_blank\" rel=\"noopener noreferrer\">caf\u00e9 &amp; chocolat<\/a>,<\/strong> lunchidee.ch<\/li>\n<li><a href=\"http:\/\/www.swissveg.ch\/?language=fr\" target=\"_blank\" rel=\"noopener noreferrer\"><strong>Swissveg<\/strong><\/a>, l\u2019alimentation v\u00e9g\u00e9tale<\/li>\n<li><a href=\"https:\/\/www.wwf.ch\/fr\/guide-labels-alimentaires\" target=\"_blank\" rel=\"noopener\"><strong>Label alimentaires<\/strong><\/a>, WWF Suisse<\/li>\n<li><a href=\"https:\/\/www.healthy3.ch\/fr\/prestations\/denrees-alimentaires-dorigine-vegetale\/\" target=\"_blank\" rel=\"noopener\"><strong>Calendrier saisonnier<\/strong><\/a>, Bio Suisse<\/li>\n<li><strong><a href=\"https:\/\/www.prospecierara.ch\/fr\/home\" target=\"_blank\" rel=\"noopener noreferrer\">Pro Specie Rara<\/a><\/strong>, F\u00e9d\u00e9ration Suisse pour la diversit\u00e9 patrimoniale et g\u00e9n\u00e9tique li\u00e9e aux v\u00e9g\u00e9taux et aux animaux<\/li>\n<\/ul>\n\t\t<\/div>\n\t\t\t\t\t<\/div>\n\n\t\n<\/div>\n\t\t<\/div>\n\n\t\t\n<style>\n#section_2004033859 {\n  padding-top: 30px;\n  padding-bottom: 30px;\n}\n<\/style>\n\t<\/section>\n\t\n\n","protected":false},"excerpt":{"rendered":"","protected":false},"author":8,"featured_media":0,"parent":2782,"menu_order":11,"comment_status":"closed","ping_status":"closed","template":"","meta":{"footnotes":""},"class_list":["post-4167","page","type-page","status-publish","hentry"],"_links":{"self":[{"href":"https:\/\/www.healthy3.ch\/fr\/wp-json\/wp\/v2\/pages\/4167","targetHints":{"allow":["GET"]}}],"collection":[{"href":"https:\/\/www.healthy3.ch\/fr\/wp-json\/wp\/v2\/pages"}],"about":[{"href":"https:\/\/www.healthy3.ch\/fr\/wp-json\/wp\/v2\/types\/page"}],"author":[{"embeddable":true,"href":"https:\/\/www.healthy3.ch\/fr\/wp-json\/wp\/v2\/users\/8"}],"replies":[{"embeddable":true,"href":"https:\/\/www.healthy3.ch\/fr\/wp-json\/wp\/v2\/comments?post=4167"}],"version-history":[{"count":19,"href":"https:\/\/www.healthy3.ch\/fr\/wp-json\/wp\/v2\/pages\/4167\/revisions"}],"predecessor-version":[{"id":8538,"href":"https:\/\/www.healthy3.ch\/fr\/wp-json\/wp\/v2\/pages\/4167\/revisions\/8538"}],"up":[{"embeddable":true,"href":"https:\/\/www.healthy3.ch\/fr\/wp-json\/wp\/v2\/pages\/2782"}],"wp:attachment":[{"href":"https:\/\/www.healthy3.ch\/fr\/wp-json\/wp\/v2\/media?parent=4167"}],"curies":[{"name":"wp","href":"https:\/\/api.w.org\/{rel}","templated":true}]}}