{"id":4170,"date":"2020-05-21T09:03:35","date_gmt":"2020-05-21T09:03:35","guid":{"rendered":"https:\/\/www.healthy3.ch\/?page_id=4170"},"modified":"2025-02-20T16:49:33","modified_gmt":"2025-02-20T16:49:33","slug":"mobilite-active","status":"publish","type":"page","link":"https:\/\/www.healthy3.ch\/fr\/prestations\/mobilite-active\/","title":{"rendered":"Activit\u00e9 physique au quotidien"},"content":{"rendered":"\n\t<section class=\"section\" id=\"section_1889411202\">\n\t\t<div class=\"section-bg fill\" >\n\t\t\t\t\t\t\t\t\t\n\t\t\t\n\n\t\t<\/div>\n\n\t\t\n\n\t\t<div class=\"section-content relative\">\n\t\t\t\n<div class=\"row\"  id=\"row-1917689205\">\n\n\t<div id=\"col-2032042254\" class=\"col medium-4 small-12 large-4\"  >\n\t\t\t\t<div class=\"col-inner\"  >\n\t\t\t\n\t\t\t\n\t<div class=\"img has-hover icon-back x md-x lg-x y md-y lg-y\" id=\"image_1135873547\">\n\t\t<a class=\"\" href=\"\/prestations\/\" >\t\t\t\t\t\t<div class=\"img-inner dark\" >\n\t\t\t<img loading=\"lazy\" decoding=\"async\" width=\"100\" height=\"100\" src=\"https:\/\/www.healthy3.ch\/wp-content\/uploads\/2020\/05\/zurueck_klein.png\" class=\"attachment-original size-original\" alt=\"\" srcset=\"https:\/\/www.healthy3.ch\/wp-content\/uploads\/2020\/05\/zurueck_klein.png 100w, https:\/\/www.healthy3.ch\/wp-content\/uploads\/2020\/05\/zurueck_klein-24x24.png 24w, https:\/\/www.healthy3.ch\/wp-content\/uploads\/2020\/05\/zurueck_klein-50x50.png 50w\" sizes=\"auto, (max-width: 100px) 100vw, 100px\" \/>\t\t\t\t\t\t\n\t\t\t\t\t<\/div>\n\t\t\t\t\t\t<\/a>\t\t\n<style>\n#image_1135873547 {\n  width: 100%;\n}\n<\/style>\n\t<\/div>\n\t\n\t\t<\/div>\n\t\t\t\t\t<\/div>\n\n\t\n\n\t<div id=\"col-848759340\" class=\"col medium-8 small-12 large-8\"  >\n\t\t\t\t<div class=\"col-inner text-right\"  >\n\t\t\t\n\t\t\t\n<ul class=\"sidebar-wrapper ul-reset angebots-menu\"><li id=\"nav_menu-9\" class=\"widget widget_nav_menu\"><div class=\"menu-prestations-container\"><ul id=\"menu-prestations\" class=\"menu\"><li id=\"menu-item-4294\" class=\"menu-item menu-item-type-post_type menu-item-object-page menu-item-4294\"><a href=\"https:\/\/www.healthy3.ch\/fr\/prestations\/alimentation-durable\/\" class=\"menu-image-title-hide menu-image-not-hovered\"><span class=\"menu-image-title-hide menu-image-title\">Alimentation durable<\/span><img loading=\"lazy\" decoding=\"async\" width=\"139\" height=\"139\" src=\"https:\/\/www.healthy3.ch\/wp-content\/uploads\/2020\/05\/menu_Nachhaltige_Ernaehrung-139x139.png\" class=\"menu-image menu-image-title-hide\" alt=\"\" \/><\/a><\/li>\n<li id=\"menu-item-4296\" class=\"menu-item menu-item-type-post_type menu-item-object-page menu-item-4296\"><a href=\"https:\/\/www.healthy3.ch\/fr\/prestations\/denrees-alimentaires-dorigine-vegetale\/\" class=\"menu-image-title-hide menu-image-not-hovered\"><span class=\"menu-image-title-hide menu-image-title\">Denr\u00e9es alimentaires d\u2019origine v\u00e9g\u00e9tale<\/span><img loading=\"lazy\" decoding=\"async\" width=\"139\" height=\"139\" src=\"https:\/\/www.healthy3.ch\/wp-content\/uploads\/2020\/05\/menu_Pflanzliche_Lebensmittel-139x139.png\" class=\"menu-image menu-image-title-hide\" alt=\"\" \/><\/a><\/li>\n<li id=\"menu-item-6236\" class=\"menu-item menu-item-type-post_type menu-item-object-page menu-item-6236\"><a href=\"https:\/\/www.healthy3.ch\/fr\/prestations\/transformation-consommation-viande\/\" class=\"menu-image-title-hide menu-image-not-hovered\"><span class=\"menu-image-title-hide menu-image-title\">Transformation de la consommation de viande<\/span><img loading=\"lazy\" decoding=\"async\" width=\"139\" height=\"139\" src=\"https:\/\/www.healthy3.ch\/wp-content\/uploads\/2022\/09\/Nachhaltige_Ernaehrung-139x139.png\" class=\"menu-image menu-image-title-hide\" alt=\"\" \/><\/a><\/li>\n<li id=\"menu-item-4295\" class=\"menu-item menu-item-type-post_type menu-item-object-page menu-item-4295\"><a href=\"https:\/\/www.healthy3.ch\/fr\/prestations\/mobilite-active\/\" class=\"menu-image-title-hide menu-image-not-hovered\"><span class=\"menu-image-title-hide menu-image-title\">Activit\u00e9 physique au quotidien<\/span><img loading=\"lazy\" decoding=\"async\" width=\"139\" height=\"139\" src=\"https:\/\/www.healthy3.ch\/wp-content\/uploads\/2020\/05\/menu_Bewegung_im_Alltag-139x139.png\" class=\"menu-image menu-image-title-hide\" alt=\"\" \/><\/a><\/li>\n<li id=\"menu-item-4297\" class=\"menu-item menu-item-type-post_type menu-item-object-page menu-item-4297\"><a href=\"https:\/\/www.healthy3.ch\/fr\/prestations\/denrees-alimentaires-dorigine-animale\/\" class=\"menu-image-title-hide menu-image-not-hovered\"><span class=\"menu-image-title-hide menu-image-title\">Denr\u00e9es alimentaires d\u2019origine animale<\/span><img loading=\"lazy\" decoding=\"async\" width=\"139\" height=\"139\" src=\"https:\/\/www.healthy3.ch\/wp-content\/uploads\/2020\/05\/menu_Tierische_Lebensmittel-139x139.png\" class=\"menu-image menu-image-title-hide\" alt=\"\" \/><\/a><\/li>\n<li id=\"menu-item-4298\" class=\"menu-item menu-item-type-post_type menu-item-object-page menu-item-4298\"><a href=\"https:\/\/www.healthy3.ch\/fr\/prestations\/food-waste\/\" class=\"menu-image-title-hide menu-image-not-hovered\"><span class=\"menu-image-title-hide menu-image-title\">Food Waste<\/span><img loading=\"lazy\" decoding=\"async\" width=\"139\" height=\"139\" src=\"https:\/\/www.healthy3.ch\/wp-content\/uploads\/2020\/05\/menu_Foodwaste-139x139.png\" class=\"menu-image menu-image-title-hide\" alt=\"\" \/><\/a><\/li>\n<li id=\"menu-item-4293\" class=\"menu-item menu-item-type-post_type menu-item-object-page menu-item-4293\"><a href=\"https:\/\/www.healthy3.ch\/fr\/prestations\/eau\/\" class=\"menu-image-title-hide menu-image-not-hovered\"><span class=\"menu-image-title-hide menu-image-title\">Eau<\/span><img loading=\"lazy\" decoding=\"async\" width=\"139\" height=\"139\" src=\"https:\/\/www.healthy3.ch\/wp-content\/uploads\/2020\/05\/menu_wasser-139x139.png\" class=\"menu-image menu-image-title-hide\" alt=\"\" \/><\/a><\/li>\n<\/ul><\/div><\/li><\/ul>\n\t\t<\/div>\n\t\t\t\t\t<\/div>\n\n\t\n<\/div>\n\t\t<\/div>\n\n\t\t\n<style>\n#section_1889411202 {\n  padding-top: 30px;\n  padding-bottom: 30px;\n}\n<\/style>\n\t<\/section>\n\t\n\n\t<section class=\"section\" id=\"section_2006822934\">\n\t\t<div class=\"section-bg fill\" >\n\t\t\t\t\t\t\t\t\t\n\t\t\t\n\n\t\t<\/div>\n\n\t\t\n\n\t\t<div class=\"section-content relative\">\n\t\t\t\n<div class=\"row\"  id=\"row-1803065840\">\n\n\t<div id=\"col-38691035\" class=\"col small-12 large-12\"  >\n\t\t\t\t<div class=\"col-inner text-center\"  >\n\t\t\t\n\t\t\t\n\t<div class=\"img has-hover x md-x lg-x y md-y lg-y\" id=\"image_928693889\">\n\t\t\t\t\t\t\t\t<div class=\"img-inner dark\" style=\"margin:0px 0px 30px 0px;\">\n\t\t\t<img loading=\"lazy\" decoding=\"async\" width=\"695\" height=\"695\" src=\"https:\/\/www.healthy3.ch\/wp-content\/uploads\/2020\/05\/Header_Bewegung_im_Alltag.png\" class=\"attachment-large size-large\" alt=\"\" srcset=\"https:\/\/www.healthy3.ch\/wp-content\/uploads\/2020\/05\/Header_Bewegung_im_Alltag.png 695w, https:\/\/www.healthy3.ch\/wp-content\/uploads\/2020\/05\/Header_Bewegung_im_Alltag-300x300.png 300w, https:\/\/www.healthy3.ch\/wp-content\/uploads\/2020\/05\/Header_Bewegung_im_Alltag-150x150.png 150w, https:\/\/www.healthy3.ch\/wp-content\/uploads\/2020\/05\/Header_Bewegung_im_Alltag-24x24.png 24w, https:\/\/www.healthy3.ch\/wp-content\/uploads\/2020\/05\/Header_Bewegung_im_Alltag-50x50.png 50w, https:\/\/www.healthy3.ch\/wp-content\/uploads\/2020\/05\/Header_Bewegung_im_Alltag-139x139.png 139w\" sizes=\"auto, (max-width: 695px) 100vw, 695px\" \/>\t\t\t\t\t\t\n\t\t\t\t\t<\/div>\n\t\t\t\t\t\t\t\t\n<style>\n#image_928693889 {\n  width: 30%;\n}\n@media (min-width:550px) {\n  #image_928693889 {\n    width: 15%;\n  }\n}\n<\/style>\n\t<\/div>\n\t\n<h1>Activit\u00e9 physique au quotidien<\/h1>\n\t\t<\/div>\n\t\t\t\t\t<\/div>\n\n\t\n<\/div>\n\t\t<\/div>\n\n\t\t\n<style>\n#section_2006822934 {\n  padding-top: 0px;\n  padding-bottom: 0px;\n}\n<\/style>\n\t<\/section>\n\t\n\n\t<section class=\"section\" id=\"section_2025942359\">\n\t\t<div class=\"section-bg fill\" >\n\t\t\t\t\t\t\t\t\t\n\t\t\t\n\n\t\t<\/div>\n\n\t\t\n\n\t\t<div class=\"section-content relative\">\n\t\t\t\n<div class=\"row\"  id=\"row-1172371583\">\n\n\t<div id=\"col-173716004\" class=\"col medium-6 small-12 large-6\"  >\n\t\t\t\t<div class=\"col-inner\"  >\n\t\t\t\n\t\t\t\n\t<div class=\"img has-hover x md-x lg-x y md-y lg-y\" id=\"image_2075968028\">\n\t\t<a class=\"\" href=\"https:\/\/www.meschoixenvironnement.ch\/\" target=\"_blank\" rel=\"noopener\" >\t\t\t\t\t\t<div class=\"img-inner dark\" >\n\t\t\t<img loading=\"lazy\" decoding=\"async\" width=\"1005\" height=\"592\" src=\"https:\/\/www.healthy3.ch\/wp-content\/uploads\/2020\/06\/Mes_choix_alim_Ma_liste_de_course_FR_14.jpg\" class=\"attachment-large size-large\" alt=\"\" srcset=\"https:\/\/www.healthy3.ch\/wp-content\/uploads\/2020\/06\/Mes_choix_alim_Ma_liste_de_course_FR_14.jpg 1005w, https:\/\/www.healthy3.ch\/wp-content\/uploads\/2020\/06\/Mes_choix_alim_Ma_liste_de_course_FR_14-300x177.jpg 300w, https:\/\/www.healthy3.ch\/wp-content\/uploads\/2020\/06\/Mes_choix_alim_Ma_liste_de_course_FR_14-768x452.jpg 768w, https:\/\/www.healthy3.ch\/wp-content\/uploads\/2020\/06\/Mes_choix_alim_Ma_liste_de_course_FR_14-24x14.jpg 24w, https:\/\/www.healthy3.ch\/wp-content\/uploads\/2020\/06\/Mes_choix_alim_Ma_liste_de_course_FR_14-50x29.jpg 50w, https:\/\/www.healthy3.ch\/wp-content\/uploads\/2020\/06\/Mes_choix_alim_Ma_liste_de_course_FR_14-139x82.jpg 139w\" sizes=\"auto, (max-width: 1005px) 100vw, 1005px\" \/>\t\t\t\t\t\t\n\t\t\t\t\t<\/div>\n\t\t\t\t\t\t<\/a>\t\t\n<style>\n#image_2075968028 {\n  width: 100%;\n}\n<\/style>\n\t<\/div>\n\t\n\t<div id=\"gap-228664518\" class=\"gap-element clearfix\" style=\"display:block; height:auto;\">\n\t\t\n<style>\n#gap-228664518 {\n  padding-top: 30px;\n}\n<\/style>\n\t<\/div>\n\t\n<ul>\n<li><a href=\"https:\/\/www.guide-velo.ch\/f\/accueil\" target=\"_blank\" rel=\"noopener\"><strong>Guide v\u00e9lo<\/strong><\/a>, mesures de promotion de v\u00e9lo<\/li>\n<li><a href=\"https:\/\/www.biketowork.ch\/fr\" target=\"_blank\" rel=\"noopener noreferrer\"><strong>bike to work<\/strong><\/a> et\u00a0<a href=\"https:\/\/www.bike2school.ch\/fr.html?no_cache=1\" target=\"_blank\" rel=\"noopener noreferrer\"><strong>bike2school<\/strong><\/a>, Pro Velo Suisse<\/li>\n<li><a href=\"https:\/\/www.pro-velo.ch\/fr\/themes-et-projets\/tourisme-et-loisirs\/randonnees-a-velo\/\" target=\"_blank\" rel=\"noopener noreferrer\"><strong>Randonn\u00e9es \u00e0 v\u00e9lo<\/strong><\/a>, Pro V\u00e9lo Suisse<\/li>\n<li><a href=\"http:\/\/www.defi-velo.ch\/\" target=\"_blank\" rel=\"noopener noreferrer\"><strong>D\u00e9fi V\u00e9lo<\/strong><\/a>, Promotion du v\u00e9lo pour les 15-20 ans<\/li>\n<li><a href=\"http:\/\/www.geneveroule.ch\/\" target=\"_blank\" rel=\"noopener noreferrer\"><strong>Gen\u00e8ve roule<\/strong><\/a>, v\u00e9lo et insertion<\/li>\n<\/ul>\n\t\t<\/div>\n\t\t\t\t\t<\/div>\n\n\t\n\n\t<div id=\"col-1678427482\" class=\"col medium-6 small-12 large-6\"  >\n\t\t\t\t<div class=\"col-inner\"  >\n\t\t\t\n\t\t\t\n<ul>\n<li><a href=\"https:\/\/www.bag.admin.ch\/bag\/fr\/home\/gesund-leben\/gesundheitsfoerderung-und-praevention\/bewegungsfoerderung\/mehr-bewegung-alltag.html\" target=\"_blank\" rel=\"noopener\"><strong>L&rsquo;activit\u00e9 physique au quotidien<\/strong><\/a>, fiches d&rsquo;informations <strong><a href=\"https:\/\/www.healthy3.ch\/wp-content\/uploads\/2025\/02\/20240725_Faktenblatt_Fuss_BB_FR_Layout.pdf\" target=\"_blank\" rel=\"noopener\">\u00abMarcher\u00bb<\/a>, <a href=\"https:\/\/www.healthy3.ch\/wp-content\/uploads\/2025\/02\/20240711_Faktenblatt_Velofahren_BB_FR_Layout.pdf\" target=\"_blank\" rel=\"noopener\">\u00abFaire du v\u00e9lo\u00bb<\/a>, <a href=\"https:\/\/www.healthy3.ch\/wp-content\/uploads\/2025\/02\/20240725_Faktenblatt_Treppen_BB_FR_Layout.pdf\" target=\"_blank\" rel=\"noopener\">\u00abPrendre les escaliers\u00bb<\/a><\/strong>, Office f\u00e9d\u00e9ral de la sant\u00e9 publique OFSP<\/li>\n<li><a href=\"https:\/\/www.hepa.admin.ch\/fr\/recommandations-en-matiere-dactivite-physique\" target=\"_blank\" rel=\"noopener\"><strong>Recommandations en mati\u00e8re d&rsquo;activit\u00e9 physique<\/strong><\/a>, HEPA Suisse<\/li>\n<li><a href=\"https:\/\/mobilite-sante.ch\/\" target=\"_blank\" rel=\"noopener noreferrer\"><strong>Mobilit\u00e9 active &amp; sant\u00e9<\/strong><\/a><\/li>\n<li><a href=\"https:\/\/www.astra.admin.ch\/astra\/fr\/home\/themes\/mobilite-douce.html\" target=\"_blank\" rel=\"noopener noreferrer\"><strong>Mobilit\u00e9 douce<\/strong><\/a>, Office f\u00e9d\u00e9ral des routes OFROU<\/li>\n<li><a href=\"https:\/\/www.bag.admin.ch\/bag\/fr\/home\/gesund-leben\/gesundheitsfoerderung-und-praevention\/bewegungsfoerderung\/auf-stehen.html\" target=\"_blank\" rel=\"noopener noreferrer\"><strong>Se lever \u2013 petit effort, grands effets<\/strong><\/a>, Office f\u00e9d\u00e9ral de la sant\u00e9 publique OFSP<\/li>\n<li><a href=\"https:\/\/mobilitepietonne.ch\/\" target=\"_blank\" rel=\"noopener noreferrer\"><strong>Mobilit\u00e9 pietonne Suisse<\/strong><\/a><\/li>\n<li><a href=\"http:\/\/www.pedibus.ch\/\" target=\"_blank\" rel=\"noopener noreferrer\"><strong>P\u00e9dibus<\/strong><\/a>, \u00e0 pied, \u00e0 l\u2019\u00e9cole, accompagn\u00e9, ate &#8211; pour une mobilit\u00e9 d&rsquo;avenir<\/li>\n<li><a href=\"https:\/\/www.pro-velo.ch\/fr\/themes-et-projets\/tourisme-et-loisirs\/randonnees-a-velo\/\" target=\"_blank\" rel=\"noopener noreferrer\"><strong>Randonn\u00e9es \u00e0 v\u00e9lo<\/strong><\/a>, Pro V\u00e9lo Suisse<\/li>\n<li><a href=\"http:\/\/www.geneveroule.ch\/\" target=\"_blank\" rel=\"noopener noreferrer\"><strong>Gen\u00e8ve roule<\/strong><\/a>, v\u00e9lo et insertion<\/li>\n<li><a href=\"https:\/\/gorilla.ch\/fr\/\" target=\"_blank\" rel=\"noopener noreferrer\"><strong>Vid\u00e9os sur sports freestyle de GORILLA<\/strong><\/a>, Schtifti Foundation<\/li>\n<\/ul>\n\t\t<\/div>\n\t\t\t\t\t<\/div>\n\n\t\n<\/div>\n\t\t<\/div>\n\n\t\t\n<style>\n#section_2025942359 {\n  padding-top: 30px;\n  padding-bottom: 30px;\n}\n<\/style>\n\t<\/section>\n\t\n\n","protected":false},"excerpt":{"rendered":"","protected":false},"author":8,"featured_media":0,"parent":2782,"menu_order":16,"comment_status":"closed","ping_status":"closed","template":"","meta":{"footnotes":""},"class_list":["post-4170","page","type-page","status-publish","hentry"],"_links":{"self":[{"href":"https:\/\/www.healthy3.ch\/fr\/wp-json\/wp\/v2\/pages\/4170","targetHints":{"allow":["GET"]}}],"collection":[{"href":"https:\/\/www.healthy3.ch\/fr\/wp-json\/wp\/v2\/pages"}],"about":[{"href":"https:\/\/www.healthy3.ch\/fr\/wp-json\/wp\/v2\/types\/page"}],"author":[{"embeddable":true,"href":"https:\/\/www.healthy3.ch\/fr\/wp-json\/wp\/v2\/users\/8"}],"replies":[{"embeddable":true,"href":"https:\/\/www.healthy3.ch\/fr\/wp-json\/wp\/v2\/comments?post=4170"}],"version-history":[{"count":20,"href":"https:\/\/www.healthy3.ch\/fr\/wp-json\/wp\/v2\/pages\/4170\/revisions"}],"predecessor-version":[{"id":7771,"href":"https:\/\/www.healthy3.ch\/fr\/wp-json\/wp\/v2\/pages\/4170\/revisions\/7771"}],"up":[{"embeddable":true,"href":"https:\/\/www.healthy3.ch\/fr\/wp-json\/wp\/v2\/pages\/2782"}],"wp:attachment":[{"href":"https:\/\/www.healthy3.ch\/fr\/wp-json\/wp\/v2\/media?parent=4170"}],"curies":[{"name":"wp","href":"https:\/\/api.w.org\/{rel}","templated":true}]}}