{"id":5829,"date":"2022-09-02T07:04:31","date_gmt":"2022-09-02T07:04:31","guid":{"rendered":"https:\/\/www.healthy3.ch\/prestations\/planetenvertraegliche-ernaehrung\/"},"modified":"2026-02-19T16:26:38","modified_gmt":"2026-02-19T16:26:38","slug":"transformation-consommation-viande","status":"publish","type":"page","link":"https:\/\/www.healthy3.ch\/fr\/prestations\/transformation-consommation-viande\/","title":{"rendered":"Transformation de la consommation de viande"},"content":{"rendered":"\n\t<section class=\"section\" id=\"section_316231871\">\n\t\t<div class=\"section-bg fill\" >\n\t\t\t\t\t\t\t\t\t\n\t\t\t\n\n\t\t<\/div>\n\n\t\t\n\n\t\t<div class=\"section-content relative\">\n\t\t\t\n<div class=\"row\"  id=\"row-594962512\">\n\n\t<div id=\"col-286858779\" class=\"col medium-4 small-12 large-4\"  >\n\t\t\t\t<div class=\"col-inner\"  >\n\t\t\t\n\t\t\t\n\t<div class=\"img has-hover icon-back x md-x lg-x y md-y lg-y\" id=\"image_872925434\">\n\t\t<a class=\"\" href=\"\/angebot\/\" >\t\t\t\t\t\t<div class=\"img-inner dark\" >\n\t\t\t<img loading=\"lazy\" decoding=\"async\" width=\"100\" height=\"100\" src=\"https:\/\/www.healthy3.ch\/wp-content\/uploads\/2020\/05\/zurueck_klein.png\" class=\"attachment-original size-original\" alt=\"\" srcset=\"https:\/\/www.healthy3.ch\/wp-content\/uploads\/2020\/05\/zurueck_klein.png 100w, https:\/\/www.healthy3.ch\/wp-content\/uploads\/2020\/05\/zurueck_klein-24x24.png 24w, https:\/\/www.healthy3.ch\/wp-content\/uploads\/2020\/05\/zurueck_klein-50x50.png 50w\" sizes=\"auto, (max-width: 100px) 100vw, 100px\" \/>\t\t\t\t\t\t\n\t\t\t\t\t<\/div>\n\t\t\t\t\t\t<\/a>\t\t\n<style>\n#image_872925434 {\n  width: 100%;\n}\n<\/style>\n\t<\/div>\n\t\n\t\t<\/div>\n\t\t\t\t\t<\/div>\n\n\t\n\n\t<div id=\"col-1842896994\" class=\"col medium-8 small-12 large-8\"  >\n\t\t\t\t<div class=\"col-inner text-right\"  >\n\t\t\t\n\t\t\t\n<ul class=\"sidebar-wrapper ul-reset angebots-menu\"><li id=\"nav_menu-9\" class=\"widget widget_nav_menu\"><div class=\"menu-prestations-container\"><ul id=\"menu-prestations\" class=\"menu\"><li id=\"menu-item-4294\" class=\"menu-item menu-item-type-post_type menu-item-object-page menu-item-4294\"><a href=\"https:\/\/www.healthy3.ch\/fr\/prestations\/alimentation-durable\/\" class=\"menu-image-title-hide menu-image-not-hovered\"><span class=\"menu-image-title-hide menu-image-title\">Alimentation durable<\/span><img loading=\"lazy\" decoding=\"async\" width=\"139\" height=\"139\" src=\"https:\/\/www.healthy3.ch\/wp-content\/uploads\/2020\/05\/menu_Nachhaltige_Ernaehrung-139x139.png\" class=\"menu-image menu-image-title-hide\" alt=\"\" \/><\/a><\/li>\n<li id=\"menu-item-4296\" class=\"menu-item menu-item-type-post_type menu-item-object-page menu-item-4296\"><a href=\"https:\/\/www.healthy3.ch\/fr\/prestations\/denrees-alimentaires-dorigine-vegetale\/\" class=\"menu-image-title-hide menu-image-not-hovered\"><span class=\"menu-image-title-hide menu-image-title\">Denr\u00e9es alimentaires d\u2019origine v\u00e9g\u00e9tale<\/span><img loading=\"lazy\" decoding=\"async\" width=\"139\" height=\"139\" src=\"https:\/\/www.healthy3.ch\/wp-content\/uploads\/2020\/05\/menu_Pflanzliche_Lebensmittel-139x139.png\" class=\"menu-image menu-image-title-hide\" alt=\"\" \/><\/a><\/li>\n<li id=\"menu-item-6236\" class=\"menu-item menu-item-type-post_type menu-item-object-page menu-item-6236\"><a href=\"https:\/\/www.healthy3.ch\/fr\/prestations\/transformation-consommation-viande\/\" class=\"menu-image-title-hide menu-image-not-hovered\"><span class=\"menu-image-title-hide menu-image-title\">Transformation de la consommation de viande<\/span><img loading=\"lazy\" decoding=\"async\" width=\"139\" height=\"139\" src=\"https:\/\/www.healthy3.ch\/wp-content\/uploads\/2022\/09\/Nachhaltige_Ernaehrung-139x139.png\" class=\"menu-image menu-image-title-hide\" alt=\"\" \/><\/a><\/li>\n<li id=\"menu-item-4295\" class=\"menu-item menu-item-type-post_type menu-item-object-page menu-item-4295\"><a href=\"https:\/\/www.healthy3.ch\/fr\/prestations\/mobilite-active\/\" class=\"menu-image-title-hide menu-image-not-hovered\"><span class=\"menu-image-title-hide menu-image-title\">Activit\u00e9 physique au quotidien<\/span><img loading=\"lazy\" decoding=\"async\" width=\"139\" height=\"139\" src=\"https:\/\/www.healthy3.ch\/wp-content\/uploads\/2020\/05\/menu_Bewegung_im_Alltag-139x139.png\" class=\"menu-image menu-image-title-hide\" alt=\"\" \/><\/a><\/li>\n<li id=\"menu-item-4297\" class=\"menu-item menu-item-type-post_type menu-item-object-page menu-item-4297\"><a href=\"https:\/\/www.healthy3.ch\/fr\/prestations\/denrees-alimentaires-dorigine-animale\/\" class=\"menu-image-title-hide menu-image-not-hovered\"><span class=\"menu-image-title-hide menu-image-title\">Denr\u00e9es alimentaires d\u2019origine animale<\/span><img loading=\"lazy\" decoding=\"async\" width=\"139\" height=\"139\" src=\"https:\/\/www.healthy3.ch\/wp-content\/uploads\/2020\/05\/menu_Tierische_Lebensmittel-139x139.png\" class=\"menu-image menu-image-title-hide\" alt=\"\" \/><\/a><\/li>\n<li id=\"menu-item-4298\" class=\"menu-item menu-item-type-post_type menu-item-object-page menu-item-4298\"><a href=\"https:\/\/www.healthy3.ch\/fr\/prestations\/food-waste\/\" class=\"menu-image-title-hide menu-image-not-hovered\"><span class=\"menu-image-title-hide menu-image-title\">Food Waste<\/span><img loading=\"lazy\" decoding=\"async\" width=\"139\" height=\"139\" src=\"https:\/\/www.healthy3.ch\/wp-content\/uploads\/2020\/05\/menu_Foodwaste-139x139.png\" class=\"menu-image menu-image-title-hide\" alt=\"\" \/><\/a><\/li>\n<li id=\"menu-item-4293\" class=\"menu-item menu-item-type-post_type menu-item-object-page menu-item-4293\"><a href=\"https:\/\/www.healthy3.ch\/fr\/prestations\/eau\/\" class=\"menu-image-title-hide menu-image-not-hovered\"><span class=\"menu-image-title-hide menu-image-title\">Eau<\/span><img loading=\"lazy\" decoding=\"async\" width=\"139\" height=\"139\" src=\"https:\/\/www.healthy3.ch\/wp-content\/uploads\/2020\/05\/menu_wasser-139x139.png\" class=\"menu-image menu-image-title-hide\" alt=\"\" \/><\/a><\/li>\n<\/ul><\/div><\/li><\/ul>\n\t\t<\/div>\n\t\t\t\t\t<\/div>\n\n\t\n<\/div>\n\t\t<\/div>\n\n\t\t\n<style>\n#section_316231871 {\n  padding-top: 30px;\n  padding-bottom: 30px;\n}\n<\/style>\n\t<\/section>\n\t\n\n\t<section class=\"section\" id=\"section_38089642\">\n\t\t<div class=\"section-bg fill\" >\n\t\t\t\t\t\t\t\t\t\n\t\t\t\n\n\t\t<\/div>\n\n\t\t\n\n\t\t<div class=\"section-content relative\">\n\t\t\t\n<div class=\"row\"  id=\"row-520951070\">\n\n\t<div id=\"col-1944136677\" class=\"col small-12 large-12\"  >\n\t\t\t\t<div class=\"col-inner text-center\"  >\n\t\t\t\n\t\t\t\n\t<div class=\"img has-hover x md-x lg-x y md-y lg-y\" id=\"image_1492162053\">\n\t\t\t\t\t\t\t\t<div class=\"img-inner dark\" style=\"margin:0px 0px 30px 0px;\">\n\t\t\t<img loading=\"lazy\" decoding=\"async\" width=\"695\" height=\"695\" src=\"https:\/\/www.healthy3.ch\/wp-content\/uploads\/2022\/09\/Nachhaltige_Ernaehrung.png\" class=\"attachment-large size-large\" alt=\"\" srcset=\"https:\/\/www.healthy3.ch\/wp-content\/uploads\/2022\/09\/Nachhaltige_Ernaehrung.png 695w, https:\/\/www.healthy3.ch\/wp-content\/uploads\/2022\/09\/Nachhaltige_Ernaehrung-300x300.png 300w, https:\/\/www.healthy3.ch\/wp-content\/uploads\/2022\/09\/Nachhaltige_Ernaehrung-150x150.png 150w, https:\/\/www.healthy3.ch\/wp-content\/uploads\/2022\/09\/Nachhaltige_Ernaehrung-24x24.png 24w, https:\/\/www.healthy3.ch\/wp-content\/uploads\/2022\/09\/Nachhaltige_Ernaehrung-50x50.png 50w, https:\/\/www.healthy3.ch\/wp-content\/uploads\/2022\/09\/Nachhaltige_Ernaehrung-139x139.png 139w\" sizes=\"auto, (max-width: 695px) 100vw, 695px\" \/>\t\t\t\t\t\t\n\t\t\t\t\t<\/div>\n\t\t\t\t\t\t\t\t\n<style>\n#image_1492162053 {\n  width: 30%;\n}\n@media (min-width:550px) {\n  #image_1492162053 {\n    width: 15%;\n  }\n}\n<\/style>\n\t<\/div>\n\t\n<h1>Transformation de la consommation de viande<\/h1>\n\t\t<\/div>\n\t\t\t\t\t<\/div>\n\n\t\n\n\t<div id=\"col-743658334\" class=\"col small-12 large-12\"  >\n\t\t\t\t<div class=\"col-inner\"  >\n\t\t\t\n\t\t\t\n<p>La production, la consommation et le gaspillage de produits d\u2019origine animale, et en particulier la viande, se r\u00e9percutent n\u00e9gativement sur l\u2019environnement et le climat. Pour une transformation durable de la consommation de viande, il faut des mesures visant \u00e0 r\u00e9duire l\u2019utilisation, la consommation et le gaspillage alimentaire de viande, et privil\u00e9gier la viande suisse certifi\u00e9e issue d\u2019une production bas\u00e9e sur les herbages. C\u2019est pourquoi healthy3 a cr\u00e9\u00e9 en 2020 un groupe de diff\u00e9rentes parties prenantes, dans le but d\u2019informer sur ce th\u00e8me important pour l\u2019avenir, de promouvoir l\u2019\u00e9change et la mise en r\u00e9seau, de lancer et de mettre en \u0153uvre des mesures. &gt;&gt; <a href=\"https:\/\/www.healthy3.ch\/fr\/projets\/\" target=\"_blank\" rel=\"noopener\">Plus d&rsquo;informations<\/a><\/p>\n\t\t<\/div>\n\t\t\t\t\t<\/div>\n\n\t\n<\/div>\n<div class=\"row\"  id=\"row-83216160\">\n\n\t<div id=\"col-1572428803\" class=\"col medium-6 small-12 large-6\"  >\n\t\t\t\t<div class=\"col-inner\"  >\n\t\t\t\n\t\t\t\n\t<div class=\"img has-hover x md-x lg-x y md-y lg-y\" id=\"image_1990597952\">\n\t\t\t\t\t\t\t\t<div class=\"img-inner dark\" >\n\t\t\t<img loading=\"lazy\" decoding=\"async\" width=\"1005\" height=\"591\" src=\"https:\/\/www.healthy3.ch\/wp-content\/uploads\/2020\/06\/Mes_choix_alim_Ma_liste_de_course_FR_8.jpg\" class=\"attachment-large size-large\" alt=\"\" srcset=\"https:\/\/www.healthy3.ch\/wp-content\/uploads\/2020\/06\/Mes_choix_alim_Ma_liste_de_course_FR_8.jpg 1005w, https:\/\/www.healthy3.ch\/wp-content\/uploads\/2020\/06\/Mes_choix_alim_Ma_liste_de_course_FR_8-300x176.jpg 300w, https:\/\/www.healthy3.ch\/wp-content\/uploads\/2020\/06\/Mes_choix_alim_Ma_liste_de_course_FR_8-768x452.jpg 768w, https:\/\/www.healthy3.ch\/wp-content\/uploads\/2020\/06\/Mes_choix_alim_Ma_liste_de_course_FR_8-24x14.jpg 24w, https:\/\/www.healthy3.ch\/wp-content\/uploads\/2020\/06\/Mes_choix_alim_Ma_liste_de_course_FR_8-50x29.jpg 50w, https:\/\/www.healthy3.ch\/wp-content\/uploads\/2020\/06\/Mes_choix_alim_Ma_liste_de_course_FR_8-139x82.jpg 139w\" sizes=\"auto, (max-width: 1005px) 100vw, 1005px\" \/>\t\t\t\t\t\t\n\t\t\t\t\t<\/div>\n\t\t\t\t\t\t\t\t\n<style>\n#image_1990597952 {\n  width: 100%;\n}\n<\/style>\n\t<\/div>\n\t\n\t\t<\/div>\n\t\t\t\t\t<\/div>\n\n\t\n\n\t<div id=\"col-871215600\" class=\"col medium-6 small-12 large-6\"  >\n\t\t\t\t<div class=\"col-inner\"  >\n\t\t\t\n\t\t\t\n<ul>\n<li><strong><span style=\"color: #003366;\"><a href=\"https:\/\/www.healthy3.ch\/fr\/proteinevegetale\/\" target=\"_blank\" rel=\"noopener\">Les aliments prot\u00e9iques v\u00e9g\u00e9taux<\/a><\/span><\/strong> \u2013 poster, diversit\u00e9 des produits et conseils culinaires, healthy3<\/li>\n<li><a href=\"https:\/\/www.sge-ssn.ch\/media\/xpunmh1q\/sge_infoflash_proteines_fr.pdf\" target=\"_blank\" rel=\"noopener\"><strong>Les prot\u00e9ines<\/strong><\/a>, Soci\u00e9t\u00e9 Suisse de Nutrition SSN<\/li>\n<li><a href=\"https:\/\/www.sge-ssn.ch\/media\/wjqkmsfc\/infograph_les_proteines-fr.pdf\" target=\"_blank\" rel=\"noopener\"><strong>Les prot\u00e9ines \u2013 aspects qualitatifs<\/strong><\/a>, SSN<\/li>\n<li><a href=\"https:\/\/www.sge-ssn.ch\/media\/hoofrheg\/feuille_d_info_les_proteines.pdf\" target=\"_blank\" rel=\"noopener\"><strong>Les prot\u00e9ines dans les aliments: qualit\u00e9 et quantit\u00e9<\/strong><\/a>, Soci\u00e9t\u00e9 Suisse de Nutrition SSN<\/li>\n<li><a href=\"https:\/\/agripedia.ch\/pflanzliche-proteine\/fr\/\" target=\"_blank\" rel=\"noopener\"><strong>Les prot\u00e9ines v\u00e9g\u00e9tales en Suisse<\/strong><\/a>, agridea<\/li>\n<\/ul>\n\t\t<\/div>\n\t\t\t\t\t<\/div>\n\n\t\n<\/div>\n\t\t<\/div>\n\n\t\t\n<style>\n#section_38089642 {\n  padding-top: 0px;\n  padding-bottom: 0px;\n}\n<\/style>\n\t<\/section>\n\t\n\n\t<section class=\"section\" id=\"section_1600135020\">\n\t\t<div class=\"section-bg fill\" >\n\t\t\t\t\t\t\t\t\t\n\t\t\t\n\n\t\t<\/div>\n\n\t\t\n\n\t\t<div class=\"section-content relative\">\n\t\t\t\n<div class=\"row\"  id=\"row-764854909\">\n\n\t<div id=\"col-1518169950\" class=\"col small-12 large-12\"  >\n\t\t\t\t<div class=\"col-inner text-left\"  >\n\t\t\t\n\t\t\t\n\t\t<\/div>\n\t\t\t\t\t<\/div>\n\n\t\n<\/div>\n\t\t<\/div>\n\n\t\t\n<style>\n#section_1600135020 {\n  padding-top: 0px;\n  padding-bottom: 0px;\n}\n<\/style>\n\t<\/section>\n\t\n","protected":false},"excerpt":{"rendered":"","protected":false},"author":8,"featured_media":0,"parent":2782,"menu_order":17,"comment_status":"closed","ping_status":"closed","template":"","meta":{"footnotes":""},"class_list":["post-5829","page","type-page","status-publish","hentry"],"_links":{"self":[{"href":"https:\/\/www.healthy3.ch\/fr\/wp-json\/wp\/v2\/pages\/5829","targetHints":{"allow":["GET"]}}],"collection":[{"href":"https:\/\/www.healthy3.ch\/fr\/wp-json\/wp\/v2\/pages"}],"about":[{"href":"https:\/\/www.healthy3.ch\/fr\/wp-json\/wp\/v2\/types\/page"}],"author":[{"embeddable":true,"href":"https:\/\/www.healthy3.ch\/fr\/wp-json\/wp\/v2\/users\/8"}],"replies":[{"embeddable":true,"href":"https:\/\/www.healthy3.ch\/fr\/wp-json\/wp\/v2\/comments?post=5829"}],"version-history":[{"count":20,"href":"https:\/\/www.healthy3.ch\/fr\/wp-json\/wp\/v2\/pages\/5829\/revisions"}],"predecessor-version":[{"id":8426,"href":"https:\/\/www.healthy3.ch\/fr\/wp-json\/wp\/v2\/pages\/5829\/revisions\/8426"}],"up":[{"embeddable":true,"href":"https:\/\/www.healthy3.ch\/fr\/wp-json\/wp\/v2\/pages\/2782"}],"wp:attachment":[{"href":"https:\/\/www.healthy3.ch\/fr\/wp-json\/wp\/v2\/media?parent=5829"}],"curies":[{"name":"wp","href":"https:\/\/api.w.org\/{rel}","templated":true}]}}